{"id":3546,"date":"2021-09-23T15:56:17","date_gmt":"2021-09-23T15:56:17","guid":{"rendered":"https:\/\/www.skcapacitacion.cl\/?page_id=3546"},"modified":"2022-01-14T12:46:44","modified_gmt":"2022-01-14T12:46:44","slug":"escuela-de-alto-desempeno-2","status":"publish","type":"page","link":"https:\/\/www.skcapacitacion.cl\/?page_id=3546","title":{"rendered":"L\u00ednea HSEC"},"content":{"rendered":"<p>[vc_row][vc_column][vc_tta_tour color=&#8221;juicy-pink&#8221; active_section=&#8221;1&#8243; css_animation=&#8221;none&#8221;][vc_tta_section title=&#8221;T\u00e9cnicas de seguridad en trabajo en altura y rescate&#8221; tab_id=&#8221;1542321605396-00a2db10-27c1&#8243;][vc_column_text]<\/p>\n<p style=\"text-align: justify;\"><strong>Duraci\u00f3n: <\/strong>16 horas (Teor\u00eda 6 \u2013 pr\u00e1ctica 10)<\/p>\n<p>[\/vc_column_text][vc_column_text]<\/p>\n<p style=\"text-align: justify;\"><strong>Objetivos Generales: <\/strong>Aplicar t\u00e9cnicas de seguridad b\u00e1sica en el trabajo en altura y rescate de acuerdo a las normas establecidas para el desarrollo de su trabajo.<\/p>\n<p>[\/vc_column_text][vc_column_text]<\/p>\n<p style=\"text-align: justify;\"><strong>Modalidad: <\/strong>Presencial<\/p>\n<p>[\/vc_column_text][vc_column_text]<strong>C\u00f3digo SENCE: <\/strong>1238025190<\/p>\n<p>.[\/vc_column_text][\/vc_tta_section][vc_tta_section title=&#8221;T\u00e9cnicas de iniciaci\u00f3n de rescate en altura&#8221; tab_id=&#8221;1542321605420-32b89456-9411&#8243;][vc_column_text]<strong>Duraci\u00f3n: <\/strong>16 horas (Teor\u00eda 7 \u2013 pr\u00e1ctica 9)[\/vc_column_text][vc_column_text]<\/p>\n<p style=\"text-align: justify;\"><strong>Objetivos Generales:<\/strong> Al finalizar el curso los participantes ser\u00e1n capaces de aplicar t\u00e9cnicas de altura e iniciaci\u00f3n al rescate establecidas para el trabajo.<\/p>\n<p>[\/vc_column_text][vc_column_text]<\/p>\n<p style=\"text-align: justify;\"><strong>Modalidad:<\/strong>\u00a0Presencial<\/p>\n<p>[\/vc_column_text][vc_column_text]<\/p>\n<p style=\"text-align: justify;\"><strong>C\u00f3digo SENCE: <\/strong>1237975234<\/p>\n<p>[\/vc_column_text][\/vc_tta_section][vc_tta_section title=&#8221;T\u00e9cnicas de seguridad de trabajo en montaje de torres&#8221; tab_id=&#8221;1542322455699-5045a4e7-8288&#8243;][vc_column_text]<\/p>\n<p style=\"text-align: justify;\"><strong>Duraci\u00f3n: <\/strong>8 Horas (Teor\u00eda 4 \u2013 pr\u00e1ctica 4)<\/p>\n<p>[\/vc_column_text][vc_column_text]<\/p>\n<p style=\"text-align: justify;\"><strong>Objetivos Generales:<\/strong> Aplicar t\u00e9cnicas de seguridad b\u00e1sica en el trabajo en altura de acuerdo a normas establecidas para el desarrollo de dicho trabajo.<\/p>\n<p>[\/vc_column_text][vc_column_text]<strong>Modalidad: <\/strong>Presencial[\/vc_column_text][vc_column_text]<\/p>\n<p style=\"text-align: justify;\"><b>C\u00f3digo SENCE:<\/b>\u00a01237982029<\/p>\n<p>[\/vc_column_text][\/vc_tta_section][vc_tta_section title=&#8221;Manejo de seguridad b\u00e1sica para trabajo en altura f\u00edsica&#8221; tab_id=&#8221;1542322456896-ac33aff1-e364&#8243;][vc_column_text]<\/p>\n<p style=\"text-align: justify;\"><strong>Duraci\u00f3n:<\/strong> 8 Horas (Teor\u00eda 2 \u2013 pr\u00e1ctica 6)<\/p>\n<p>[\/vc_column_text][vc_column_text]<\/p>\n<p style=\"text-align: justify;\"><strong>Objetivos Generales: <\/strong>Competencia a desarrollar: Aplicar t\u00e9cnicas de seguridad b\u00e1sica en el trabajo en altura de acuerdo a normas establecidas para el desarrollo de dicho trabajo.<\/p>\n<p>[\/vc_column_text][vc_column_text]<strong>Modalidad: <\/strong>Presencial[\/vc_column_text][vc_column_text]<\/p>\n<p style=\"text-align: justify;\"><strong>C\u00f3digo SENCE:<\/strong>\u00a01237993141<\/p>\n<p>[\/vc_column_text][\/vc_tta_section][vc_tta_section title=&#8221;T\u00e9cnicas de instalaci\u00f3n de l\u00edneas de vida en altura&#8221; tab_id=&#8221;1542322457633-f20d360a-0ebd&#8221;][vc_column_text]<strong>Duraci\u00f3n:<\/strong> 8 Horas (Teor\u00eda 3 \u2013 pr\u00e1ctica 5)[\/vc_column_text][vc_column_text]<\/p>\n<p style=\"text-align: justify;\"><strong>Objetivos Generales: <\/strong>Al finalizar el curso los participantes ser\u00e1n capaces de aplicar t\u00e9cnicas para la instalaci\u00f3n de l\u00edneas de vida flexibles horizontales y retr\u00e1ctiles, y anclajes intermedios en ellas, en trabajo en altura bajo normativa de seguridad vigente.<\/p>\n<p>[\/vc_column_text][vc_column_text]<strong>Modalidad: <\/strong>Presencial[\/vc_column_text][vc_column_text]<\/p>\n<p style=\"text-align: justify;\"><strong>C\u00f3digo SENCE:<\/strong>\u00a01237993530<\/p>\n<p>[\/vc_column_text][\/vc_tta_section][vc_tta_section title=&#8221;T\u00e9cnicas de seguridad b\u00e1sica de posicionamiento para enfierradores&#8221; tab_id=&#8221;1632491276064-b2f2912f-b477&#8243;][vc_column_text]<strong>Duraci\u00f3n:<\/strong> 8 Horas (Teor\u00eda 1 \u2013 pr\u00e1ctica 7)[\/vc_column_text][vc_column_text]<\/p>\n<p style=\"text-align: justify;\"><strong>Objetivos Generales: <\/strong>Aplicar t\u00e9cnicas b\u00e1sicas de posicionamiento de enfierradura de acuerdo a normas establecidas para el desarrollo de dicho trabajo.<\/p>\n<p>[\/vc_column_text][vc_column_text]<strong>Modalidad: <\/strong>Presencial[\/vc_column_text][vc_column_text]<\/p>\n<p style=\"text-align: justify;\"><strong>C\u00f3digo SENCE:<\/strong> 1237996300<\/p>\n<p>[\/vc_column_text][\/vc_tta_section][vc_tta_section title=&#8221;T\u00e9cnicas seguras para trabajos en espacios confinados&#8221; tab_id=&#8221;1632491392751-d98e7678-37d6&#8243;][vc_column_text]<strong>Duraci\u00f3n:<\/strong> 8 Horas (Teor\u00eda 2 \u2013 pr\u00e1ctica 6)[\/vc_column_text][vc_column_text]<\/p>\n<p style=\"text-align: justify;\"><strong>Objetivos Generales: <\/strong>Al t\u00e9rmino de la capacitaci\u00f3n, los participantes estar\u00e1n en condiciones de aplicar las t\u00e9cnicas de seguridad para trabajar en espacios confinados, de acuerdo a los riesgos relacionados directa o indirectamente que conlleva este tipo de actividad.<\/p>\n<p>[\/vc_column_text][vc_column_text]<strong>Modalidad: <\/strong>Presencial[\/vc_column_text][vc_column_text]<\/p>\n<p style=\"text-align: justify;\"><strong>C\u00f3digo SENCE:<\/strong> 1238007192<\/p>\n<p>[\/vc_column_text][\/vc_tta_section][vc_tta_section title=&#8221;Procedimientos de aislamiento y bloqueo general&#8221; tab_id=&#8221;1632491472380-09255ae9-5402&#8243;][vc_column_text]<strong>Duraci\u00f3n:<\/strong> 8 Horas (Teor\u00eda 2 \u2013 pr\u00e1ctica 6)[\/vc_column_text][vc_column_text]<\/p>\n<p style=\"text-align: justify;\"><strong>Objetivos Generales: <\/strong>Al finalizar el curso el participante estar\u00e1 en condiciones de identificar Procedimientos De Aislamiento Y Bloqueo General, de acuerdo a las distintas fuentes de energ\u00eda.<\/p>\n<p>[\/vc_column_text][vc_column_text]<strong>Modalidad: <\/strong>E-learning[\/vc_column_text][vc_column_text]<\/p>\n<p style=\"text-align: justify;\"><strong>C\u00f3digo SENCE:<\/strong> 1238012693<\/p>\n<p>[\/vc_column_text][\/vc_tta_section][vc_tta_section title=&#8221;T\u00e9cnicas de aislamiento y bloqueo general&#8221; tab_id=&#8221;1632491553136-295898d6-51f0&#8243;][vc_column_text]<strong>Duraci\u00f3n:<\/strong> 8 Horas (Teor\u00eda 3 \u2013 pr\u00e1ctica 5)[\/vc_column_text][vc_column_text]<\/p>\n<p style=\"text-align: justify;\"><strong>Objetivos Generales: <\/strong>Al finalizar el curso los participantes ser\u00e1n capaces de aplicar t\u00e9cnicas de aislamiento y bloqueo general, de acuerdo a los procedimientos de las distintas energ\u00edas.<\/p>\n<p>[\/vc_column_text][vc_column_text]<strong>Modalidad:<\/strong>Presencial[\/vc_column_text][vc_column_text]<\/p>\n<p style=\"text-align: justify;\"><strong>C\u00f3digo SENCE:<\/strong> 1238021828<\/p>\n<p>[\/vc_column_text][\/vc_tta_section][vc_tta_section title=&#8221;T\u00e9cnicas de seguridad b\u00e1sica y l\u00ednea de vida&#8221; tab_id=&#8221;1632491640979-4131f187-bd58&#8243;][vc_column_text]<strong>Duraci\u00f3n: <\/strong>16 Horas (Teor\u00eda 3 \u2013 pr\u00e1ctica 13)[\/vc_column_text][vc_column_text]<\/p>\n<p style=\"text-align: justify;\"><strong>Objetivos Generales: <\/strong>Al t\u00e9rmino de la actividad, los participantes estar\u00e1n en condiciones de aplicar t\u00e9cnicas de seguridad b\u00e1sica y l\u00ednea de vida, seg\u00fan la reglamentaci\u00f3n vigente.<\/p>\n<p>[\/vc_column_text][vc_column_text]<strong>Modalidad: <\/strong>Presencial[\/vc_column_text][vc_column_text]<\/p>\n<p style=\"text-align: justify;\"><strong>C\u00f3digo SENCE:<\/strong> 1238018322<\/p>\n<p>[\/vc_column_text][\/vc_tta_section][vc_tta_section title=&#8221;T\u00e9cnicas de instalaci\u00f3n de l\u00edneas de vida en altura&#8221; tab_id=&#8221;1632491917930-8ce973c4-c0af&#8221;][vc_column_text]<strong>Duraci\u00f3n: <\/strong>8 Horas (Teor\u00eda 3 \u2013 pr\u00e1ctica 5)[\/vc_column_text][vc_column_text]<\/p>\n<p style=\"text-align: justify;\"><strong>Objetivos Generales: <\/strong>Al finalizar el curso los participantes ser\u00e1n capaces de aplicar t\u00e9cnicas para la instalaci\u00f3n de l\u00edneas de vida flexibles horizontales y retr\u00e1ctiles, y anclajes intermedios en ellas, en trabajo en altura bajo normativa de seguridad vigente.<\/p>\n<p>[\/vc_column_text][vc_column_text]<strong>Modalidad: <\/strong>Presencial[\/vc_column_text][vc_column_text]<\/p>\n<p style=\"text-align: justify;\"><strong>C\u00f3digo SENCE:<\/strong> 1238008333<\/p>\n<p>[\/vc_column_text][\/vc_tta_section][vc_tta_section title=&#8221;Procedimientos de aislamiento y bloqueo en electricidad&#8221; tab_id=&#8221;1632491838942-549f823f-e332&#8243;][vc_column_text]<strong>Duraci\u00f3n:<\/strong>36[\/vc_column_text][vc_column_text]<\/p>\n<p style=\"text-align: justify;\"><strong>Objetivos Generales: <\/strong>Al finalizar el curso los participantes ser\u00e1n capaces de identificar procedimientos de aislamiento y bloqueo en electricidad, de acuerdo a est\u00e1ndares de seguridad y a la normativa vigente.<\/p>\n<p>[\/vc_column_text][vc_column_text]<strong>Modalidad: <\/strong>E-learning Asincr\u00f3nico[\/vc_column_text][vc_column_text]<\/p>\n<p style=\"text-align: justify;\"><strong>C\u00f3digo SENCE:<\/strong> 1238019459<\/p>\n<p>[\/vc_column_text][\/vc_tta_section][vc_tta_section title=&#8221;Prevenci\u00f3n de riesgos y seguridad laboral&#8221; tab_id=&#8221;1632491755678-9ef7888a-7914&#8243;][vc_column_text]<strong>Duraci\u00f3n: <\/strong>20\u00a0Horas (Teor\u00eda 10 \u2013 pr\u00e1ctica 10)[\/vc_column_text][vc_column_text]<\/p>\n<p style=\"text-align: justify;\"><strong>Objetivos Generales: <\/strong>Aplicar acciones para detectar condiciones inseguras, y aplicar controles de seguridad y analizar causas en la ocurrencia de accidentes y enfermedades profesionales.<\/p>\n<p>[\/vc_column_text][vc_column_text]<strong>Modalidad: <\/strong>Presencial[\/vc_column_text][vc_column_text]<\/p>\n<p style=\"text-align: justify;\"><strong>C\u00f3digo SENCE:<\/strong> 1237975947<\/p>\n<p>[\/vc_column_text][\/vc_tta_section][vc_tta_section title=&#8221;T\u00e9cnicas y uso seguro de plataformas elevadoras&#8221; tab_id=&#8221;1632492345745-70b8656e-7480&#8243;][vc_column_text]<strong>Duraci\u00f3n: <\/strong>24 Horas (Teor\u00eda 12 \u2013 pr\u00e1ctica 12)[\/vc_column_text][vc_column_text]<\/p>\n<p style=\"text-align: justify;\"><strong>Objetivos Generales: <\/strong>Al termino de la actividad el participante estara en condiciones de aplicar t\u00e9cnicas y uso seguro de plataformas elevadoras, seg\u00fan medidas de seguridad.<\/p>\n<p>[\/vc_column_text][vc_column_text]<strong>Modalidad: <\/strong>Presencial[\/vc_column_text][vc_column_text]<\/p>\n<p style=\"text-align: justify;\"><strong>C\u00f3digo SENCE:<\/strong> 1237986957<\/p>\n<p>[\/vc_column_text][\/vc_tta_section][vc_tta_section title=&#8221;T\u00e9cnicas y uso seguro de plataformas elevadoras&#8221; tab_id=&#8221;1632494110488-d357c2ec-ce2a&#8221;][vc_column_text]<strong>Duraci\u00f3n: <\/strong>16 Horas (Teor\u00eda 7 \u2013 pr\u00e1ctica 9)[\/vc_column_text][vc_column_text]<\/p>\n<p style=\"text-align: justify;\"><strong>Objetivos Generales: <\/strong>Al finalizar la actividad los participantes ser\u00e1n capaces de identificar y aplicar conocimientos y las medidas de seguridad necesarias en la operaci\u00f3n de las plataformas elevadoras.<\/p>\n<p>[\/vc_column_text][vc_column_text]<strong>Modalidad: <\/strong>Presencial[\/vc_column_text][vc_column_text]<\/p>\n<p style=\"text-align: justify;\"><strong>C\u00f3digo SENCE:<\/strong> 1237982162<\/p>\n<p>[\/vc_column_text][\/vc_tta_section][vc_tta_section title=&#8221;T\u00e9cnicas para montaje de andamios&#8221; tab_id=&#8221;1632492242944-ba7aace5-eddb&#8221;][vc_column_text]<strong>Duraci\u00f3n: <\/strong>16 Horas (Teor\u00eda 6 \u2013 pr\u00e1ctica 10)[\/vc_column_text][vc_column_text]<\/p>\n<p style=\"text-align: justify;\"><strong>Objetivos Generales:<\/strong>Aplicar t\u00e9cnicas para el montaje y desmontaje de andamios bajo normas de seguridad y prevenci\u00f3n de riesgos.<\/p>\n<p>[\/vc_column_text][vc_column_text]<strong>Modalidad: <\/strong>Presencial[\/vc_column_text][vc_column_text]<\/p>\n<p style=\"text-align: justify;\"><strong>C\u00f3digo SENCE:<\/strong> 1237997613<\/p>\n<p>[\/vc_column_text][\/vc_tta_section][vc_tta_section title=&#8221;T\u00e9cnicas para montaje de andamios&#8221; tab_id=&#8221;1632492514518-99c2afbc-71b2&#8243;][vc_column_text]<strong>Duraci\u00f3n: <\/strong>24 Horas (Teor\u00eda 7 \u2013 pr\u00e1ctica 17)[\/vc_column_text][vc_column_text]<\/p>\n<p style=\"text-align: justify;\"><strong>Objetivos Generales: <\/strong>Aplicar t\u00e9cnicas para el montaje y desmontaje de andamios bajo normas de seguridad y prevenci\u00f3n de riesgos.<\/p>\n<p>[\/vc_column_text][vc_column_text]<strong>Modalidad: <\/strong>Presencial[\/vc_column_text][vc_column_text]<\/p>\n<p style=\"text-align: justify;\"><strong>C\u00f3digo SENCE:<\/strong> 1238005230<\/p>\n<p>[\/vc_column_text][\/vc_tta_section][vc_tta_section title=&#8221;T\u00e9cnicas de control de incendios y manejo de extintores&#8221; tab_id=&#8221;1632493189650-275e0571-ca21&#8243;][vc_column_text]<strong>Duraci\u00f3n: <\/strong>8\u00a0Horas (Teor\u00eda 3 \u2013 pr\u00e1ctica 5)[\/vc_column_text][vc_column_text]<\/p>\n<p style=\"text-align: justify;\"><strong>Objetivos Generales: <\/strong>Al finalizar el curso los participantes ser\u00e1n capaces se aplicar el uso adecuado de extintores port\u00e1tiles que existen y su utilizaci\u00f3n viendo las conductas adecuadas para enfrentar una situaci\u00f3n de un amago de incendio en peligro su integridad f\u00edsica.<\/p>\n<p>[\/vc_column_text][vc_column_text]<strong>Modalidad: <\/strong>Presencial[\/vc_column_text][vc_column_text]<\/p>\n<p style=\"text-align: justify;\"><strong>C\u00f3digo SENCE:<\/strong> 1238007790<\/p>\n<p>[\/vc_column_text][\/vc_tta_section][vc_tta_section title=&#8221;T\u00e9cnicas de prevenci\u00f3n de riesgos&#8221; tab_id=&#8221;1632493285872-12c1b82b-4254&#8243;][vc_column_text]<strong>Duraci\u00f3n: <\/strong>8 Horas[\/vc_column_text][vc_column_text]<\/p>\n<p style=\"text-align: justify;\"><strong>Objetivos Generales: <\/strong>Al finalizar el curso los participantes ser\u00e1n capaces de aplicar t\u00e9cnicas de prevenci\u00f3n de riesgos, de acuerdo a protocolos de control de riesgos asociados al trabajo.<\/p>\n<p>[\/vc_column_text][vc_column_text]<strong>Modalidad:<\/strong>E-learning Sincr\u00f3nico[\/vc_column_text][vc_column_text]<\/p>\n<p style=\"text-align: justify;\"><strong>C\u00f3digo SENCE:<\/strong> 1238012922<\/p>\n<p>[\/vc_column_text][\/vc_tta_section][vc_tta_section title=&#8221;T\u00e9cnicas de prevenci\u00f3n de riesgos y seguridad laboral&#8221; tab_id=&#8221;1632493407664-e5fa8284-e4b9&#8243;][vc_column_text]<strong>Duraci\u00f3n: <\/strong>20\u00a0Horas[\/vc_column_text][vc_column_text]<\/p>\n<p style=\"text-align: justify;\"><strong>Objetivos Generales: <\/strong>Aplicar acciones para detectar condiciones inseguras, y aplicar controles de seguridad y analizar causas en la ocurrencia de accidentes y enfermedades profesionales.<\/p>\n<p>[\/vc_column_text][vc_column_text]<strong>Modalidad: <\/strong>E-learning[\/vc_column_text][vc_column_text]<\/p>\n<p style=\"text-align: justify;\"><strong>C\u00f3digo SENCE:<\/strong> 1238013545<\/p>\n<p>[\/vc_column_text][\/vc_tta_section][vc_tta_section title=&#8221;Procedimientos de prevenci\u00f3n de riesgos en montaje de ca\u00f1er\u00edas&#8221; tab_id=&#8221;1632493523942-bd9bbff2-cfc3&#8243;][vc_column_text]<strong>Duraci\u00f3n: <\/strong>8\u00a0Horas[\/vc_column_text][vc_column_text]<\/p>\n<p style=\"text-align: justify;\"><strong>Objetivos Generales: <\/strong>Al t\u00e9rmino de la actividad, los participantes estar\u00e1n en condiciones de identificar procedimientos de prevenci\u00f3n de riesgos de montajes de ca\u00f1er\u00edas, de acuerdo a las normas de seguridad, calidad y medioambiente.<\/p>\n<p>[\/vc_column_text][vc_column_text]<strong>Modalidad: <\/strong>E-learning[\/vc_column_text][vc_column_text]<\/p>\n<p style=\"text-align: justify;\"><strong>C\u00f3digo SENCE:<\/strong> 1238018784<\/p>\n<p>[\/vc_column_text][\/vc_tta_section][vc_tta_section title=&#8221;Procedimientos de instalaci\u00f3n de equipos y bloqueo general&#8221; tab_id=&#8221;1632493573217-0e45a4b6-9176&#8243;][vc_column_text]<strong>Duraci\u00f3n: <\/strong>16 Horas[\/vc_column_text][vc_column_text]<\/p>\n<p style=\"text-align: justify;\"><strong>Objetivos Generales: <\/strong>Al t\u00e9rmino de la actividad, los participantes estar\u00e1n en condiciones de identificar procedimientos de instalaci\u00f3n de equipos y bloqueo general de acuerdo a las distintas fuentes de energ\u00eda.<\/p>\n<p>[\/vc_column_text][vc_column_text]<strong>Modalidad: <\/strong>E-learning[\/vc_column_text][vc_column_text]<\/p>\n<p style=\"text-align: justify;\"><strong>C\u00f3digo SENCE:<\/strong> 1238018282<\/p>\n<p>[\/vc_column_text][\/vc_tta_section][vc_tta_section title=&#8221;T\u00e9cnicas de uso correcto de equipos energizados y prevenci\u00f3n de riesgos en faenas&#8221; tab_id=&#8221;1632493630238-39962e61-a7b2&#8243;][vc_column_text]<strong>Duraci\u00f3n: <\/strong>16 Horas (Teor\u00eda 2 \u2013 pr\u00e1ctica 14)[\/vc_column_text][vc_column_text]<\/p>\n<p style=\"text-align: justify;\"><strong>Objetivos Generales: <\/strong>Al t\u00e9rmino de la capacitaci\u00f3n, los participantes estar\u00e1n en condiciones de aplicar t\u00e9cnicas de uso correcto de equipos energizados y prevenci\u00f3n de riesgos en faenas.<\/p>\n<p>[\/vc_column_text][vc_column_text]<strong>Modalidad: <\/strong>E-learning[\/vc_column_text][vc_column_text]<\/p>\n<p style=\"text-align: justify;\"><strong>C\u00f3digo SENCE:<\/strong> 1237992924<\/p>\n<p>[\/vc_column_text][\/vc_tta_section][vc_tta_section title=&#8221;T\u00e9cnicas de Psicolog\u00eda de la Emergencia&#8221; tab_id=&#8221;1632510230087-a87efc89-5b26&#8243;][vc_column_text]<strong>Duraci\u00f3n: <\/strong>8\u00a0Horas (Teor\u00eda 4 \u2013 pr\u00e1ctica 4)[\/vc_column_text][vc_column_text]<\/p>\n<p style=\"text-align: justify;\"><strong>Objetivos Generales: <\/strong>Al finalizar el curso los participantes estar\u00e1n en condiciones de aplicar t\u00e9cnicas de psicolog\u00eda de la emergencia, dentro de la organizaci\u00f3n.<\/p>\n<p>[\/vc_column_text][vc_column_text]<strong>Modalidad:<\/strong>Presencial[\/vc_column_text][vc_column_text]<\/p>\n<p style=\"text-align: justify;\"><strong>C\u00f3digo SENCE:<\/strong> 1238022580<\/p>\n<p>[\/vc_column_text][\/vc_tta_section][vc_tta_section title=&#8221;Herramientas de la Psicolog\u00eda de la emergencia&#8221; tab_id=&#8221;1632510328158-9e0435fc-eb67&#8243;][vc_column_text]<strong>Duraci\u00f3n: <\/strong>8 Horas[\/vc_column_text][vc_column_text]<\/p>\n<p style=\"text-align: justify;\"><strong>Objetivos Generales: <\/strong>Al finalizar el curso los participantes estar\u00e1n en condiciones de aplicar herramientas de psicolog\u00eda de la emergencia, dentro de la organizaci\u00f3n.<\/p>\n<p>[\/vc_column_text][vc_column_text]<strong>Modalidad: <\/strong>E-learning Sincr\u00f3nico[\/vc_column_text][vc_column_text]<\/p>\n<p style=\"text-align: justify;\"><strong>C\u00f3digo SENCE:<\/strong> 1238022579<\/p>\n<p>[\/vc_column_text][\/vc_tta_section][\/vc_tta_tour][vc_separator color=&#8221;juicy_pink&#8221;][\/vc_column][\/vc_row][vc_row][vc_column width=&#8221;1\/2&#8243;][vc_video link=&#8221;https:\/\/www.youtube.com\/watch?v=XzjiO1KinN4&amp;list=PLxaK6Ycl0fy7Cu-w20vFNKcTggcbidwCu&#8221; title=&#8221;Instalaci\u00f3n y ajuste de arn\u00e9s.&#8221;][\/vc_column][vc_column width=&#8221;1\/2&#8243;][vc_video link=&#8221;https:\/\/www.youtube.com\/watch?v=HRzFk2q_9V4&amp;list=PLxaK6Ycl0fy7Cu-w20vFNKcTggcbidwCu&amp;index=2&#8243; title=&#8221;Check list de un arn\u00e9s antica\u00eddas&#8221;][\/vc_column][\/vc_row][vc_row][vc_column width=&#8221;1\/2&#8243;][vc_video link=&#8221;https:\/\/www.youtube.com\/watch?v=1nzqqTmSogw&amp;list=PLxaK6Ycl0fy7Cu-w20vFNKcTggcbidwCu&amp;index=3&#8243; title=&#8221;Check list l\u00ednea de vida vertical flexible&#8221;][\/vc_column][vc_column width=&#8221;1\/2&#8243;][vc_video link=&#8221;https:\/\/www.youtube.com\/watch?v=tPREfYEwmLI&amp;list=PLxaK6Ycl0fy7Cu-w20vFNKcTggcbidwCu&amp;index=4&#8243; title=&#8221;Check list estrobo de seguridad&#8221;][\/vc_column][\/vc_row]<\/p>\n","protected":false},"excerpt":{"rendered":"<p>[vc_row][vc_column][vc_tta_tour color=&#8221;juicy-pink&#8221; active_section=&#8221;1&#8243; css_animation=&#8221;none&#8221;][vc_tta_section title=&#8221;T\u00e9cnicas de seguridad en trabajo en altura y rescate&#8221; tab_id=&#8221;1542321605396-00a2db10-27c1&#8243;][vc_column_text] Duraci\u00f3n: 16 horas (Teor\u00eda 6 \u2013 pr\u00e1ctica 10) [\/vc_column_text][vc_column_text] Objetivos Generales: Aplicar t\u00e9cnicas de seguridad b\u00e1sica en el trabajo en altura y rescate de acuerdo a las normas establecidas para el desarrollo de su trabajo. [\/vc_column_text][vc_column_text] Modalidad: Presencial [\/vc_column_text][vc_column_text]C\u00f3digo SENCE: 1238025190&hellip;<\/p>\n","protected":false},"author":2,"featured_media":0,"parent":0,"menu_order":0,"comment_status":"closed","ping_status":"closed","template":"template-microsite.php","meta":{"_themeisle_gutenberg_block_has_review":false},"_links":{"self":[{"href":"https:\/\/www.skcapacitacion.cl\/index.php?rest_route=\/wp\/v2\/pages\/3546"}],"collection":[{"href":"https:\/\/www.skcapacitacion.cl\/index.php?rest_route=\/wp\/v2\/pages"}],"about":[{"href":"https:\/\/www.skcapacitacion.cl\/index.php?rest_route=\/wp\/v2\/types\/page"}],"author":[{"embeddable":true,"href":"https:\/\/www.skcapacitacion.cl\/index.php?rest_route=\/wp\/v2\/users\/2"}],"replies":[{"embeddable":true,"href":"https:\/\/www.skcapacitacion.cl\/index.php?rest_route=%2Fwp%2Fv2%2Fcomments&post=3546"}],"version-history":[{"count":22,"href":"https:\/\/www.skcapacitacion.cl\/index.php?rest_route=\/wp\/v2\/pages\/3546\/revisions"}],"predecessor-version":[{"id":3785,"href":"https:\/\/www.skcapacitacion.cl\/index.php?rest_route=\/wp\/v2\/pages\/3546\/revisions\/3785"}],"wp:attachment":[{"href":"https:\/\/www.skcapacitacion.cl\/index.php?rest_route=%2Fwp%2Fv2%2Fmedia&parent=3546"}],"curies":[{"name":"wp","href":"https:\/\/api.w.org\/{rel}","templated":true}]}}