{"id":3566,"date":"2021-09-24T19:09:53","date_gmt":"2021-09-24T19:09:53","guid":{"rendered":"https:\/\/www.skcapacitacion.cl\/?page_id=3566"},"modified":"2024-01-24T09:16:57","modified_gmt":"2024-01-24T12:16:57","slug":"cursos-linea-gestion","status":"publish","type":"page","link":"https:\/\/www.skcapacitacion.cl\/?page_id=3566","title":{"rendered":"L\u00ednea GESTI\u00d3N"},"content":{"rendered":"<p>[vc_row][vc_column][vc_tta_tour color=&#8221;peacoc&#8221; active_section=&#8221;1&#8243; css_animation=&#8221;none&#8221;][vc_tta_section title=&#8221;Herramientas digitales para el emprendimiento&#8221; tab_id=&#8221;1542321605396-00a2db10-27c1&#8243;][vc_column_text]<\/p>\n<p style=\"text-align: justify;\"><strong>Duraci\u00f3n: <\/strong>8 horas<\/p>\n<p>[\/vc_column_text][vc_column_text css_animation=&#8221;none&#8221;]<\/p>\n<p style=\"text-align: justify;\"><strong>Objetivos Generales: <\/strong>Al termino de la actividad los participantes estar\u00e1n en condiciones de aplicar herramientas digitales de emprendimiento y\/o comercializaci\u00f3n de productos en plataformas digitales.<\/p>\n<p>[\/vc_column_text][vc_column_text]<\/p>\n<p style=\"text-align: justify;\"><strong>Modalidad: <\/strong>E-learning (Sincr\u00f3nico)<\/p>\n<p>[\/vc_column_text][vc_column_text]<strong>C\u00f3digo SENCE:<\/strong>1238023178<\/p>\n<p>.[\/vc_column_text][\/vc_tta_section][vc_tta_section title=&#8221;Aplicaci\u00f3n de la legislaci\u00f3n laboral vigente&#8221; tab_id=&#8221;1542321605420-32b89456-9411&#8243;][vc_column_text]<strong>Duraci\u00f3n: <\/strong>8\u00a0horas[\/vc_column_text][vc_column_text]<\/p>\n<p style=\"text-align: justify;\"><strong>Objetivos Generales: <\/strong>Al t\u00e9rmino del curso los participantes estar\u00e1n en condiciones de aplicar procedimientos de legislaci\u00f3n laboral, seg\u00fan normas legales vigentes.<\/p>\n<p>[\/vc_column_text][vc_column_text]<\/p>\n<p style=\"text-align: justify;\"><strong>Modalidad: <\/strong>E-learning (Sincr\u00f3nico)<\/p>\n<p>[\/vc_column_text][vc_column_text]<\/p>\n<p style=\"text-align: justify;\"><strong>C\u00f3digo SENCE:<\/strong>1238023170<\/p>\n<p>[\/vc_column_text][\/vc_tta_section][vc_tta_section title=&#8221;Aplicaci\u00f3n de la legislaci\u00f3n laboral vigente&#8221; tab_id=&#8221;1542322454609-7204948a-d01b&#8221;][vc_column_text]<\/p>\n<p style=\"text-align: justify;\"><strong>Duraci\u00f3n: <\/strong>8 Horas (Te\u00f3ricas 4 \u2013 Pr\u00e1cticas 4)<\/p>\n<p>[\/vc_column_text][vc_column_text]<\/p>\n<p style=\"text-align: justify;\"><strong>Objetivos Generales:<\/strong>Al t\u00e9rmino del curso los participantes estar\u00e1n en condiciones de aplicar procedimientos de legislaci\u00f3n laboral, seg\u00fan normas legales vigentes<\/p>\n<p>[\/vc_column_text][vc_column_text]<\/p>\n<p style=\"text-align: justify;\"><strong>Modalidad: <\/strong>Presencial<\/p>\n<p>[\/vc_column_text][vc_column_text]<\/p>\n<p style=\"text-align: justify;\"><strong>C\u00f3digo SENCE: <\/strong>1238023173<\/p>\n<p>[\/vc_column_text][\/vc_tta_section][vc_tta_section title=&#8221;Aplicaci\u00f3n de herramientas para la empleabilidad&#8221; tab_id=&#8221;1542322455699-5045a4e7-8288&#8243;][vc_column_text]<\/p>\n<p style=\"text-align: justify;\"><strong>Duraci\u00f3n: <\/strong>16 Horas<\/p>\n<p>[\/vc_column_text][vc_column_text]<\/p>\n<p style=\"text-align: justify;\"><strong>Objetivos Generales:<\/strong> Al final del curso los participantes estar\u00e1n en condiciones de aplicar herramientas de empleabilidad dentro de proyectos laborales en la organizaci\u00f3n.<\/p>\n<p>[\/vc_column_text][vc_column_text]<strong>Modalidad: <\/strong>E-learning (Sincr\u00f3nico)[\/vc_column_text][vc_column_text]<\/p>\n<p style=\"text-align: justify;\"><b>C\u00f3digo SENCE:<\/b> 1238024291<\/p>\n<p>[\/vc_column_text][\/vc_tta_section][vc_tta_section title=&#8221;Estrategias de formulaci\u00f3n de proyecto con herramientas digitales&#8221; tab_id=&#8221;1542322456896-ac33aff1-e364&#8243;][vc_column_text]<\/p>\n<p style=\"text-align: justify;\"><strong>Duraci\u00f3n:<\/strong> 8 Horas (Teor\u00eda 2 \u2013 pr\u00e1ctica 6)<\/p>\n<p>[\/vc_column_text][vc_column_text]<\/p>\n<p style=\"text-align: justify;\"><strong>Objetivos Generales:<\/strong>Al t\u00e9rmino de la actividad los participantes estar\u00e1n en condiciones de aplicar estrategias de formulaci\u00f3n de proyectos con herramientas digitales.<\/p>\n<p>[\/vc_column_text][vc_column_text]<strong>Modalidad: <\/strong>E-learning (Sincr\u00f3nico)[\/vc_column_text][vc_column_text]<\/p>\n<p style=\"text-align: justify;\"><strong>C\u00f3digo SENCE:<\/strong> 1238021534<\/p>\n<p>[\/vc_column_text][\/vc_tta_section][vc_tta_section title=&#8221;Estrategias de formulaci\u00f3n de proyecto&#8221; tab_id=&#8221;1632491276064-b2f2912f-b477&#8243;][vc_column_text]<strong>Duraci\u00f3n:<\/strong> 32 Horas[\/vc_column_text][vc_column_text]<\/p>\n<p style=\"text-align: justify;\"><strong>Objetivos Generales: <\/strong>Al t\u00e9rmino de la actividad los participantes estar\u00e1n en condiciones de identificar distintas estrategias para la formulaci\u00f3n de proyectos, de acuerdo a los recursos existentes y los est\u00e1ndares para trasformar una oportunidad.<\/p>\n<p>[\/vc_column_text][vc_column_text]<strong>Modalidad: <\/strong>E-learning (Sincr\u00f3nico)[\/vc_column_text][vc_column_text]<\/p>\n<p style=\"text-align: justify;\"><strong>C\u00f3digo SENCE:<\/strong> 1238020522<\/p>\n<p>[\/vc_column_text][\/vc_tta_section][vc_tta_section title=&#8221;Comunicaci\u00f3n oral y escrita en el contexto laboral&#8221; tab_id=&#8221;1542322457633-f20d360a-0ebd&#8221;][vc_column_text]<strong>Duraci\u00f3n:<\/strong> 16 Horas[\/vc_column_text][vc_column_text]<\/p>\n<p style=\"text-align: justify;\"><strong>Objetivos Generales: <\/strong>Al t\u00e9rmino de la actividad los participantes estar\u00e1n en condiciones de identificar protocolos de comunicaci\u00f3n oral y escrita en contextos laborales.<\/p>\n<p>[\/vc_column_text][vc_column_text]<strong>Modalidad: <\/strong>E-learning (Sincr\u00f3nico)[\/vc_column_text][vc_column_text]<\/p>\n<p style=\"text-align: justify;\"><strong>C\u00f3digo SENCE:<\/strong> 1238019093<\/p>\n<p>[\/vc_column_text][\/vc_tta_section][vc_tta_section title=&#8221;T\u00e9cnicas de psicolog\u00eda de la emergencia&#8221; tab_id=&#8221;1632491392751-d98e7678-37d6&#8243;][vc_column_text]<strong>Duraci\u00f3n:<\/strong> 8 Horas (Teor\u00eda 4 \u2013 pr\u00e1ctica 4)[\/vc_column_text][vc_column_text]<\/p>\n<p style=\"text-align: justify;\"><strong>Objetivos Generales: <\/strong>Al finalizar el curso los participantes estar\u00e1n en condiciones de aplicar t\u00e9cnicas de psicolog\u00eda de la emergencia, dentro de la organizaci\u00f3n.<\/p>\n<p>[\/vc_column_text][vc_column_text]<strong>Modalidad: <\/strong>Presencial[\/vc_column_text][vc_column_text]<\/p>\n<p style=\"text-align: justify;\"><strong>C\u00f3digo SENCE:<\/strong> 1238022580<\/p>\n<p>[\/vc_column_text][\/vc_tta_section][vc_tta_section title=&#8221;Herramientas de la psicolog\u00eda de la emergencia&#8221; tab_id=&#8221;1632491472380-09255ae9-5402&#8243;][vc_column_text]<strong>Duraci\u00f3n:<\/strong> 8 Horas[\/vc_column_text][vc_column_text]<\/p>\n<p style=\"text-align: justify;\"><strong>Objetivos Generales: <\/strong>Al finalizar el curso los participantes estar\u00e1n en condiciones de aplicar herramientas de psicolog\u00eda de la emergencia, dentro de la organizaci\u00f3n.<\/p>\n<p>[\/vc_column_text][vc_column_text]<strong>Modalidad: <\/strong>E-learning (Sincr\u00f3nico)[\/vc_column_text][vc_column_text]<\/p>\n<p style=\"text-align: justify;\"><strong>C\u00f3digo SENCE:<\/strong> 1238022579<\/p>\n<p>[\/vc_column_text][\/vc_tta_section][vc_tta_section title=&#8221;Aplicaci\u00f3n de herramientas office 365&#8243; tab_id=&#8221;1632491640979-4131f187-bd58&#8243;][vc_column_text]<strong>Duraci\u00f3n: <\/strong>8\u00a0Horas[\/vc_column_text][vc_column_text]<\/p>\n<p style=\"text-align: justify;\"><strong>Objetivos Generales: <\/strong>Al t\u00e9rmino de la actividad los participantes estar\u00e1n en condiciones de aplicar herramientas office 365, onedrive y sharepoint para empresas<\/p>\n<p>[\/vc_column_text][vc_column_text]<strong>Modalidad: <\/strong>E-learning[\/vc_column_text][vc_column_text]<\/p>\n<p style=\"text-align: justify;\"><strong>C\u00f3digo SENCE:<\/strong> 1238011949<\/p>\n<p>[\/vc_column_text][\/vc_tta_section][vc_tta_section title=&#8221;Herramientas suit office 365&#8243; tab_id=&#8221;1632491917930-8ce973c4-c0af&#8221;][vc_column_text]<strong>Duraci\u00f3n: <\/strong>16\u00a0Horas[\/vc_column_text][vc_column_text]<\/p>\n<p style=\"text-align: justify;\"><strong>Objetivos Generales: <\/strong>Al t\u00e9rmino de la actividad los participantes estar\u00e1n en condiciones de aplicar herramientas suite office 365, (onedrive, sharepoint, excel, word, powerpoint) seg\u00fan los escenarios de colaboraci\u00f3n y trabajo.<\/p>\n<p>[\/vc_column_text][vc_column_text]<strong>Modalidad: <\/strong>E-learning (Sincr\u00f3nico)[\/vc_column_text][vc_column_text]<\/p>\n<p style=\"text-align: justify;\"><strong>C\u00f3digo SENCE:<\/strong> 1238018688<\/p>\n<p>[\/vc_column_text][\/vc_tta_section][vc_tta_section title=&#8221;Manejo de herramientas digitales&#8221; tab_id=&#8221;1632491838942-549f823f-e332&#8243;][vc_column_text]<strong>Duraci\u00f3n:\u00a0<\/strong>8 Horas[\/vc_column_text][vc_column_text]<\/p>\n<p style=\"text-align: justify;\"><strong>Objetivos Generales: <\/strong>Al t\u00e9rmino de la actividad los participantes estar\u00e1n en condiciones de manejar herramientas digitales, con el fin de mejorar los procesos de ventas dentro de la organizaci\u00f3n.<\/p>\n<p>[\/vc_column_text][vc_column_text]<strong>Modalidad: <\/strong>E-learning (sincr\u00f3nico)[\/vc_column_text][vc_column_text]<\/p>\n<p style=\"text-align: justify;\"><strong>C\u00f3digo SENCE:<\/strong> 1238018687<\/p>\n<p>[\/vc_column_text][\/vc_tta_section][vc_tta_section title=&#8221;Estrategias de formulaci\u00f3n de proyectos&#8221; tab_id=&#8221;1632494110488-d357c2ec-ce2a&#8221;][vc_column_text]<strong>Duraci\u00f3n: <\/strong>8\u00a0Horas[\/vc_column_text][vc_column_text]<\/p>\n<p style=\"text-align: justify;\"><strong>Objetivos Generales: <\/strong>Al t\u00e9rmino de la actividad los participantes estar\u00e1n en condiciones de identificar estrategias de la formulaci\u00f3n de proyectos.<\/p>\n<p>[\/vc_column_text][vc_column_text]<strong>Modalidad: <\/strong>E-learning (sincr\u00f3nico)[\/vc_column_text][vc_column_text]<\/p>\n<p style=\"text-align: justify;\"><strong>C\u00f3digo SENCE:<\/strong> 1238018971<\/p>\n<p>[\/vc_column_text][\/vc_tta_section][vc_tta_section title=&#8221;Identificaci\u00f3n de deberes y derechos laborales&#8221; tab_id=&#8221;1632492242944-ba7aace5-eddb&#8221;][vc_column_text]<strong>Duraci\u00f3n: <\/strong>8 Horas[\/vc_column_text][vc_column_text]<\/p>\n<p style=\"text-align: justify;\"><strong>Objetivos Generales: <\/strong>Al t\u00e9rmino de la actividad los participantes estar\u00e1n en condiciones de identificar derechos y deberes laborales, seg\u00fan la normativa vigente.<\/p>\n<p>[\/vc_column_text][vc_column_text]<strong>Modalidad: <\/strong>E-learning (Sincr\u00f3nico)[\/vc_column_text][vc_column_text]<\/p>\n<p style=\"text-align: justify;\"><strong>C\u00f3digo SENCE:<\/strong> 1238019092<\/p>\n<p>[\/vc_column_text][\/vc_tta_section][vc_tta_section title=&#8221;T\u00e9cnicas de Comunicaci\u00f3n efectiva&#8221; tab_id=&#8221;1632493285872-12c1b82b-4254&#8243;][vc_column_text]<strong>Duraci\u00f3n: <\/strong>8 Horas[\/vc_column_text][vc_column_text]<\/p>\n<p style=\"text-align: justify;\"><strong>Objetivos Generales: <\/strong>Al finalizar curso el participante ser\u00e1 capaz aplicar t\u00e9cnicas de comunicaci\u00f3n efectiva dentro de equipos de trabajo.<\/p>\n<p>[\/vc_column_text][vc_column_text]<strong>Modalidad: <\/strong>E-learning[\/vc_column_text][vc_column_text]<\/p>\n<p style=\"text-align: justify;\"><strong>C\u00f3digo SENCE:<\/strong> 1238013574<\/p>\n<p>[\/vc_column_text][\/vc_tta_section][\/vc_tta_tour][\/vc_column][\/vc_row]<\/p>\n","protected":false},"excerpt":{"rendered":"<p>[vc_row][vc_column][vc_tta_tour color=&#8221;peacoc&#8221; active_section=&#8221;1&#8243; css_animation=&#8221;none&#8221;][vc_tta_section title=&#8221;Herramientas digitales para el emprendimiento&#8221; tab_id=&#8221;1542321605396-00a2db10-27c1&#8243;][vc_column_text] Duraci\u00f3n: 8 horas [\/vc_column_text][vc_column_text css_animation=&#8221;none&#8221;] Objetivos Generales: Al termino de la actividad los participantes estar\u00e1n en condiciones de aplicar herramientas digitales de emprendimiento y\/o comercializaci\u00f3n de productos en plataformas digitales. [\/vc_column_text][vc_column_text] Modalidad: E-learning (Sincr\u00f3nico) [\/vc_column_text][vc_column_text]C\u00f3digo SENCE:1238023178 .[\/vc_column_text][\/vc_tta_section][vc_tta_section title=&#8221;Aplicaci\u00f3n de la legislaci\u00f3n laboral vigente&#8221; tab_id=&#8221;1542321605420-32b89456-9411&#8243;][vc_column_text]Duraci\u00f3n: 8\u00a0horas[\/vc_column_text][vc_column_text]&hellip;<\/p>\n","protected":false},"author":2,"featured_media":0,"parent":0,"menu_order":0,"comment_status":"closed","ping_status":"closed","template":"template-microsite.php","meta":{"_themeisle_gutenberg_block_has_review":false},"_links":{"self":[{"href":"https:\/\/www.skcapacitacion.cl\/index.php?rest_route=\/wp\/v2\/pages\/3566"}],"collection":[{"href":"https:\/\/www.skcapacitacion.cl\/index.php?rest_route=\/wp\/v2\/pages"}],"about":[{"href":"https:\/\/www.skcapacitacion.cl\/index.php?rest_route=\/wp\/v2\/types\/page"}],"author":[{"embeddable":true,"href":"https:\/\/www.skcapacitacion.cl\/index.php?rest_route=\/wp\/v2\/users\/2"}],"replies":[{"embeddable":true,"href":"https:\/\/www.skcapacitacion.cl\/index.php?rest_route=%2Fwp%2Fv2%2Fcomments&post=3566"}],"version-history":[{"count":15,"href":"https:\/\/www.skcapacitacion.cl\/index.php?rest_route=\/wp\/v2\/pages\/3566\/revisions"}],"predecessor-version":[{"id":4027,"href":"https:\/\/www.skcapacitacion.cl\/index.php?rest_route=\/wp\/v2\/pages\/3566\/revisions\/4027"}],"wp:attachment":[{"href":"https:\/\/www.skcapacitacion.cl\/index.php?rest_route=%2Fwp%2Fv2%2Fmedia&parent=3566"}],"curies":[{"name":"wp","href":"https:\/\/api.w.org\/{rel}","templated":true}]}}