{"id":3571,"date":"2021-09-25T15:01:37","date_gmt":"2021-09-25T15:01:37","guid":{"rendered":"https:\/\/www.skcapacitacion.cl\/?page_id=3571"},"modified":"2022-09-24T02:18:36","modified_gmt":"2022-09-24T02:18:36","slug":"cursos-del-area-productividad","status":"publish","type":"page","link":"https:\/\/www.skcapacitacion.cl\/?page_id=3571","title":{"rendered":"Linea PRODUCTIVIDAD"},"content":{"rendered":"<p>[vc_row][vc_column][vc_tta_tour color=&#8221;blue&#8221; active_section=&#8221;1&#8243; css_animation=&#8221;none&#8221; no_fill_content_area=&#8221;true&#8221;][vc_tta_section title=&#8221;ELECTRICIDAD&#8221; tab_id=&#8221;1542321605396-00a2db10-27c1&#8243;][vc_column_text]<strong>T\u00e9cnicas de Instalaci\u00f3n y Cableado<\/strong><\/p>\n<p>C\u00f3digo SENCE: 1238017683 \u2013 Horas: 8 \u2013 Modalidad: e-Learning asincr\u00f3nico.[\/vc_column_text][vc_column_text]<strong>Procedimiento del Manejo de Herramientas El\u00e9ctricas<\/strong><\/p>\n<p>C\u00f3digo SENCE: 1238031565 \u2013 Horas: 36 \u2013 Modalidad: asincr\u00f3nico.[\/vc_column_text][vc_column_text]<strong>Procedimiento de Instalaci\u00f3n de Equipos y Luminarias<\/strong><\/p>\n<p>C\u00f3digo SENCE: 1238013547 \u2013 Horas: 8 \u2013 Modalidad: e-Learning sincr\u00f3nico.[\/vc_column_text][vc_column_text]<strong>Procedimientos de Instalaci\u00f3n y Cableado<\/strong><\/p>\n<p>C\u00f3digo SENCE: 1238019458 \u2013 Horas: 36 \u2013 Modalidad: e-Learning asincr\u00f3nico.[\/vc_column_text][vc_column_text]<strong>Procedimientos de Instalaciones El\u00e9ctricas Domiciliarias<\/strong><\/p>\n<p>C\u00f3digo SENCE: 1238022294 \u2013 Horas: 40 \u2013 Modalidad: e-Learning asincr\u00f3nico.[\/vc_column_text][\/vc_tta_section][vc_tta_section title=&#8221;HORMIG\u00d3N&#8221; tab_id=&#8221;1542321605420-32b89456-9411&#8243;][vc_column_text]<strong>T\u00e9cnicas de Recepci\u00f3n y Montaje de Fundaciones Prefabricadas de Hormig\u00f3n<\/strong><\/p>\n<p>C\u00f3digo SENCE: 1237975133 \u2013 Horas: 8 \u2013 Modalidad: presencial.[\/vc_column_text][vc_column_text]<strong>T\u00e9cnicas de Vibrado, Corte, Pulido y Perforaci\u00f3n del Hormig\u00f3n para Obras de Construcci\u00f3n<\/strong><\/p>\n<p>C\u00f3digo SENCE: 1237980005 \u2013 Horas: 8 \u2013 Modalidad: presencial.[\/vc_column_text][vc_column_text]<strong>Procedimientos de Trabajo en Hormig\u00f3n<\/strong><\/p>\n<p>C\u00f3digo SENCE: 1238019582 \u2013 Horas: 32 \u2013 Modalidad: e-Learning sincr\u00f3nico.[\/vc_column_text][vc_column_text]<strong>Procedimientos de Trabajo en Hormig\u00f3n<\/strong><\/p>\n<p>C\u00f3digo SENCE: 1238019718 \u2013 Horas: 32 \u2013 Modalidad: presencial.[\/vc_column_text][vc_column_text]<strong>T\u00e9cnicas de Elaboraci\u00f3n y Manipulaci\u00f3n de Hormig\u00f3n<\/strong><\/p>\n<p>C\u00f3digo SENCE: 1238019717 \u2013 Horas: 24 \u2013 Modalidad: presencial.[\/vc_column_text][vc_column_text]<strong>Procedimiento de Hormigonado en Obras (Hormig\u00f3n II)<\/strong><\/p>\n<p>C\u00f3digo SENCE: 1238023977 \u2013 Horas: 36 \u2013 Modalidad: e-Learning sincr\u00f3nico.[\/vc_column_text][vc_column_text]<strong>T\u00e9cnicas de Hormigonado en obras (Hormig\u00f3n II)<\/strong><\/p>\n<p>C\u00f3digo SENCE: 1238023976 \u2013 Horas: 36 \u2013 Modalidad: presencial.[\/vc_column_text][\/vc_tta_section][vc_tta_section title=&#8221;CA\u00d1ER\u00cdAS&#8221; tab_id=&#8221;1542322454609-7204948a-d01b&#8221;][vc_column_text]<strong>Instalaci\u00f3n de Elementos de Fijaci\u00f3n para Armado de Circuitos de Ca\u00f1er\u00edas de Acero<\/strong><\/p>\n<p><span style=\"font-weight: 400;\">C\u00f3digo SENCE: 1238012584<\/span> \u2013 Horas: 8 \u2013 Modalidad: e-Learning sincr\u00f3nico.[\/vc_column_text][vc_column_text]<strong>Procedimiento de Fijaci\u00f3n para Armado de Circuitos y Planos de Ca\u00f1er\u00edas de Acero<\/strong><\/p>\n<p><span style=\"font-weight: 400;\">C\u00f3digo SENCE: 1238018284<\/span> \u2013 Horas: 16 \u2013 Modalidad: e-Learning sincr\u00f3nico.[\/vc_column_text][vc_column_text]<strong>Interpretaci\u00f3n de Planos de Ca\u00f1er\u00edas<\/strong><\/p>\n<p><span style=\"font-weight: 400;\">C\u00f3digo SENCE: 1238012688 <\/span>\u2013 Horas: 8 \u2013 Modalidad: presencial.[\/vc_column_text][vc_column_text]<strong>Interpretaci\u00f3n de Planos de Ca\u00f1er\u00edas<\/strong><\/p>\n<p><span style=\"font-weight: 400;\">C\u00f3digo SENCE: 1238018005 <\/span>\u2013 Horas: 8 \u2013 Modalidad: e-Learning sincr\u00f3nico.[\/vc_column_text][vc_column_text]<strong>Procedimiento de Fijaci\u00f3n para Armado de Circuitos y Planos de Ca\u00f1er\u00edas de Acero<\/strong><\/p>\n<p>C\u00f3digo SENCE: 1238018284 \u2013 Horas: 16 \u2013 Modalidad: e-Learning.[\/vc_column_text][vc_column_text]<strong>Procedimiento de Apoyo al Maestro de Segunda en Montaje de Ca\u00f1er\u00edas y Soporte (Ca\u00f1onero M2)<\/strong><\/p>\n<p><span style=\"font-weight: 400;\">C\u00f3digo SENCE: 1238018967<\/span> \u2013 Horas: 34 \u2013 Modalidad: e-Learning sincr\u00f3nico.[\/vc_column_text][vc_column_text]<strong>Procedimiento de Apoyo al Maestro de Primera en Montaje de Ca\u00f1er\u00edas y Soporte (Ca\u00f1onero M1)<\/strong><\/p>\n<p><span style=\"font-weight: 400;\">C\u00f3digo SENCE: 1238018968<\/span> \u2013 Horas: 18 \u2013 Modalidad: e-Learning sincr\u00f3nico.[\/vc_column_text][vc_column_text]<strong>Procedimiento de Trabajo de Montaje de Ca\u00f1er\u00edas y Soporte (Ayudante ca\u00f1onero M2)<\/strong><\/p>\n<p><span style=\"font-weight: 400;\">C\u00f3digo SENCE: 1238018970<\/span> \u2013 Horas: 40 \u2013 Modalidad: e-Learning sincr\u00f3nico.[\/vc_column_text][vc_column_text]<strong>Procedimiento de Montaje Ca\u00f1er\u00eda y Soporte<\/strong><\/p>\n<p>C\u00f3digo SENCE: 1238019671 \u2013 Horas: 46 \u2013 Modalidad: e-Learning.[\/vc_column_text][vc_column_text]<strong>T\u00e9cnicas de Montaje de Ca\u00f1er\u00edas y Soporte<\/strong><\/p>\n<p>C\u00f3digo SENCE: 1238021326 \u2013 Horas: 10 \u2013 Modalidad: presencial.[\/vc_column_text][vc_column_text]<strong>T\u00e9cnicas de Montaje, Armado de Circuitos y Planos de Ca\u00f1er\u00edas de Acero<\/strong><\/p>\n<p><span style=\"font-weight: 400;\">C\u00f3digo SENCE: 1238020109 <\/span>\u2013 Horas: 24 \u2013 Modalidad: presencial.[\/vc_column_text][vc_column_text]<strong>Procedimientos de Entrenamiento y Nivelaci\u00f3n de Maestro Mayor de Ca\u00f1er\u00edas<\/strong><\/p>\n<p><span style=\"font-weight: 400;\">C\u00f3digo SENCE: 1238021327<\/span> \u2013 Horas: 16 \u2013 Modalidad: e-Learning sincr\u00f3nico.[\/vc_column_text][vc_column_text]<strong>Procedimientos de Entrenamiento y Nivelaci\u00f3n Capataz de Ca\u00f1er\u00edas<\/strong><\/p>\n<p><span style=\"font-weight: 400;\">C\u00f3digo SENCE: 1238021311<\/span> \u2013 Horas: 16\u2013 Modalidad: e-Learning sincr\u00f3nico.[\/vc_column_text][\/vc_tta_section][vc_tta_section title=&#8221;ESTRUCTURAS Y MONTAJE INDUSTRIAL&#8221; tab_id=&#8221;1542322456896-ac33aff1-e364&#8243;][vc_column_text]<strong>T\u00e9cnicas de Direcci\u00f3n y Control de Maniobras de Izaje en Montaje Industrial (Rigger)<\/strong><\/p>\n<p><span style=\"font-weight: 400;\">C\u00f3digo SENCE: 1238028778 <\/span>\u2013 Horas: 24 \u2013 Modalidad: presencial.[\/vc_column_text][vc_column_text]<strong>T\u00e9cnicas de Operaci\u00f3n Segura del Equipo Manlift<\/strong><\/p>\n<p><span style=\"font-weight: 400;\">C\u00f3digo SENCE: 1238030933 <\/span>\u2013 Horas: 40 \u2013 Modalidad: presencial.[\/vc_column_text][vc_column_text]<\/p>\n<spam class=\"pum-trigger  popmake-3723 negrita\"  data-do-default=\"\"><b>Interpretaci\u00f3n de Planos de Estructuras<\/b><br \/>\n<\/spam>\n<p>C\u00f3digo SENCE: 1237987091 \u2013 Horas: 8 \u2013 Modalidad: presencial.[\/vc_column_text][vc_column_text]<strong>Operaci\u00f3n Equipo Alza Hombre (Manlift)<\/strong><\/p>\n<p><span style=\"font-weight: 400;\">C\u00f3digo SENCE: 1238032376 <\/span>\u2013 Horas: 8 \u2013 Modalidad: presencial.[\/vc_column_text][vc_column_text]<strong>Procedimientos Operaci\u00f3n Equipo Alza Hombre (Manlift)<\/strong><\/p>\n<p><span style=\"font-weight: 400;\">C\u00f3digo SENCE: 1238032378 <\/span> \u2013 Horas: 36 \u2013 Modalidad: presencial.[\/vc_column_text][vc_column_text]<strong>T\u00e9cnicas Operaci\u00f3n Equipo Alza Hombre (Manlift)\u00a0<\/strong><\/p>\n<p><span style=\"font-weight: 400;\">C\u00f3digo SENCE: 1238032390<\/span> \u2013 Horas: 36 \u2013 Modalidad: presencial.[\/vc_column_text][vc_column_text]<strong>Pr\u00e1cticas Seguras de Rigging<\/strong><\/p>\n<p>C\u00f3digo SENCE: 1238021350 \u2013 Horas: 36 \u2013 Modalidad: e-Learning.[\/vc_column_text][vc_column_text]<strong>Identificaci\u00f3n de Materiales y Herramientas del Montajista Industrial<\/strong><\/p>\n<p><span style=\"font-weight: 400;\">C\u00f3digo SENCE: 1238019098<\/span> \u2013 Horas: 8 \u2013 Modalidad: e-Learning sincr\u00f3nico.[\/vc_column_text][\/vc_tta_section][vc_tta_section title=&#8221;OBRAS CIVILES&#8221; tab_id=&#8221;1632491276064-b2f2912f-b477&#8243;][vc_column_text]<strong>Procedimiento de Interpretaci\u00f3n de Planos de Obras Civiles<\/strong><\/p>\n<p>C\u00f3digo SENCE: 1238013132 \u2013 Horas: 8 \u2013 Modalidad: e-Learning.[\/vc_column_text][vc_column_text]<strong>Interpretaci\u00f3n de Planos de Obras Civiles<\/strong><\/p>\n<p>C\u00f3digo SENCE: 1238012687 \u2013 Horas: 8 \u2013 Modalidad: presencial.[\/vc_column_text][vc_column_text]<strong>Procedimientos B\u00e1sicos de Obras Civiles<\/strong><\/p>\n<p>C\u00f3digo SENCE: 1238013133 \u2013 Horas: 8 \u2013 Modalidad: e-Learning.[\/vc_column_text][vc_column_text]<strong>Procedimientos de Obras Civiles e Interpretaci\u00f3n de Planos<\/strong><\/p>\n<p>C\u00f3digo SENCE: 1238018283 \u2013 Horas: 16 \u2013 Modalidad: e-Learning.[\/vc_column_text][\/vc_tta_section][vc_tta_section title=&#8221;ABASTECIMIENTO \/ ADMINISTRACION DE BODEGA&#8221; tab_id=&#8221;1632584789266-dd76db61-1bcf&#8221;][vc_column_text]<strong>Administraci\u00f3n y Control de Bodegas<\/strong><\/p>\n<p>C\u00f3digo SENCE: 1238011930 \u2013 Horas: 8 \u2013 Modalidad: e-Learning sincr\u00f3nico.[\/vc_column_text][vc_column_text]<strong>Procedimiento de Control de Bodegas (Materiales y Herramientas en Montaje Industrial)<\/strong><\/p>\n<p>C\u00f3digo SENCE: 1238018288 \u2013 Horas: 16 \u2013 Modalidad: e-Learning sincr\u00f3nico.[\/vc_column_text][vc_column_text]<strong>Procedimientos Administraci\u00f3n de Bodegas Materiales y Herramientas<\/strong><\/p>\n<p><span style=\"font-weight: 400;\">C\u00f3digo SENCE: 1238032084<\/span> \u2013 Horas: 32 \u2013 Modalidad: e-Learning sincr\u00f3nico.[\/vc_column_text][\/vc_tta_section][vc_tta_section title=&#8221;CURSOS COMPLEMENTARIOS A LO TECNICO&#8221; tab_id=&#8221;1632584854530-12696272-375c&#8221;][vc_column_text]<strong>Procedimientos de Interpretaci\u00f3n de Planos<\/strong><\/p>\n<p>C\u00f3digo SENCE: 1238021310 \u2013 Horas: 36 \u2013 Modalidad: e-Learning asincr\u00f3nico.[\/vc_column_text][\/vc_tta_section][\/vc_tta_tour][\/vc_column][\/vc_row]<\/p>\n","protected":false},"excerpt":{"rendered":"<p>[vc_row][vc_column][vc_tta_tour color=&#8221;blue&#8221; active_section=&#8221;1&#8243; css_animation=&#8221;none&#8221; no_fill_content_area=&#8221;true&#8221;][vc_tta_section title=&#8221;ELECTRICIDAD&#8221; tab_id=&#8221;1542321605396-00a2db10-27c1&#8243;][vc_column_text]T\u00e9cnicas de Instalaci\u00f3n y Cableado C\u00f3digo SENCE: 1238017683 \u2013 Horas: 8 \u2013 Modalidad: e-Learning asincr\u00f3nico.[\/vc_column_text][vc_column_text]Procedimiento del Manejo de Herramientas El\u00e9ctricas C\u00f3digo SENCE: 1238031565 \u2013 Horas: 36 \u2013 Modalidad: asincr\u00f3nico.[\/vc_column_text][vc_column_text]Procedimiento de Instalaci\u00f3n de Equipos y Luminarias C\u00f3digo SENCE: 1238013547 \u2013 Horas: 8 \u2013 Modalidad: e-Learning sincr\u00f3nico.[\/vc_column_text][vc_column_text]Procedimientos de Instalaci\u00f3n y Cableado&hellip;<\/p>\n","protected":false},"author":2,"featured_media":0,"parent":0,"menu_order":0,"comment_status":"closed","ping_status":"closed","template":"template-microsite.php","meta":{"_themeisle_gutenberg_block_has_review":false},"_links":{"self":[{"href":"https:\/\/www.skcapacitacion.cl\/index.php?rest_route=\/wp\/v2\/pages\/3571"}],"collection":[{"href":"https:\/\/www.skcapacitacion.cl\/index.php?rest_route=\/wp\/v2\/pages"}],"about":[{"href":"https:\/\/www.skcapacitacion.cl\/index.php?rest_route=\/wp\/v2\/types\/page"}],"author":[{"embeddable":true,"href":"https:\/\/www.skcapacitacion.cl\/index.php?rest_route=\/wp\/v2\/users\/2"}],"replies":[{"embeddable":true,"href":"https:\/\/www.skcapacitacion.cl\/index.php?rest_route=%2Fwp%2Fv2%2Fcomments&post=3571"}],"version-history":[{"count":30,"href":"https:\/\/www.skcapacitacion.cl\/index.php?rest_route=\/wp\/v2\/pages\/3571\/revisions"}],"predecessor-version":[{"id":3834,"href":"https:\/\/www.skcapacitacion.cl\/index.php?rest_route=\/wp\/v2\/pages\/3571\/revisions\/3834"}],"wp:attachment":[{"href":"https:\/\/www.skcapacitacion.cl\/index.php?rest_route=%2Fwp%2Fv2%2Fmedia&parent=3571"}],"curies":[{"name":"wp","href":"https:\/\/api.w.org\/{rel}","templated":true}]}}