{"id":3592,"date":"2021-10-04T20:08:51","date_gmt":"2021-10-04T20:08:51","guid":{"rendered":"https:\/\/www.skcapacitacion.cl\/?page_id=3592"},"modified":"2025-04-15T17:01:24","modified_gmt":"2025-04-15T21:01:24","slug":"programa-para-comunidades","status":"publish","type":"page","link":"https:\/\/www.skcapacitacion.cl\/?page_id=3592","title":{"rendered":"Programa para Comunidades"},"content":{"rendered":"<p>[vc_row][vc_column][vc_empty_space][vc_column_text]<strong>RECONSTRUYE TU FUTURO <\/strong><\/p>\n<p>Proyecto \u201cReconstruye Tu Futuro\u201d Creado en el a\u00f1o 2020 por SKIC y en alianza estrat\u00e9gica con el OTIC de la C\u00e1mara Chilena de Construcci\u00f3n, el cual tuvo por objetivo otorgar cursos gratuitos para sectores vulnerables, as\u00ed acortar las brechas laborales para la r\u00e1pida y adecuada reinserci\u00f3n en el mercado actual, por medio del aprendizaje de nuevas competencias y con el enfoque del expert\u00edz t\u00e9cnico del OTEC.<\/p>\n<p><em>\u00a0<\/em><\/p>\n<p><strong>AVANZAR ES AHORA<\/strong><\/p>\n<p>Para el 2021, 2022, 2023 y 2024, reafirmamos y fortalecimos el proyecto Reconstruye tu futuro, a trav\u00e9s del programa \u201cAvanzar es ahora\u201d que consiste en cursos gratuitos para la comunidad con un foco de aplicaci\u00f3n en aquellas personas que deseen salir adelante, manejando nuevas herramientas para su crecimiento y desarrollo en el mercado y la industria nacional, desaf\u00edo que continuaremos para el 2025.<\/p>\n<p>&nbsp;<\/p>\n<hr \/>\n<p>[\/vc_column_text][vc_row_inner][vc_column_inner][vc_column_text]<\/p>\n<h3>Periodo 2023<\/h3>\n<h4><b>138.480+ HH<\/b><\/h4>\n<h4>4.272+ participantes impactados<\/h4>\n<p>&nbsp;<\/p>\n<hr \/>\n<p>[\/vc_column_text][\/vc_column_inner][\/vc_row_inner][vc_empty_space][vc_row_inner][vc_column_inner][vc_column_text]<\/p>\n<h3><span style=\"color: #ffcc00;\"><b>MALLA AVANZAR ES AHORA<\/b><b> COMUNIDADES 2025<\/b><\/span><\/h3>\n<p>[\/vc_column_text][vc_single_image image=&#8221;4059&#8243; img_size=&#8221;large&#8221; alignment=&#8221;center&#8221; css_animation=&#8221;fadeIn&#8221;][\/vc_column_inner][\/vc_row_inner][vc_empty_space][\/vc_column][\/vc_row][vc_row disable_element=&#8221;yes&#8221;][vc_column][vc_tta_tour style=&#8221;modern&#8221; shape=&#8221;round&#8221; color=&#8221;peacoc&#8221; active_section=&#8221;1&#8243; css_animation=&#8221;none&#8221; no_fill_content_area=&#8221;true&#8221;][vc_tta_section title=&#8221;CA\u00d1ER\u00cdAS&#8221; tab_id=&#8221;1542322454609-7204948a-d01b&#8221;][vc_column_text]<\/p>\n<h4>M\u00d3DULOS T\u00c9CNICOS:<\/h4>\n<p>&nbsp;<\/p>\n<h5>INTERPRETACI\u00d3N DE PLANOS<\/h5>\n<ul>\n<li style=\"list-style-type: none;\">\n<ul>\n<li><strong>Modalidad:<\/strong> E-Learning Sincr\u00f3nico &#8211; Horas 8<\/li>\n<li><strong>Objetivo general:<\/strong> Leer e interpretar planos de ca\u00f1er\u00edas, considerando cada uno de los elementos que lo constituyen, como tuber\u00edas de procesos, tipos de l\u00edneas, sistemas de proyecciones, simbolog\u00eda de accesorios, diagramas de ujo, entre otros, en proyectos de montaje industrial.<\/li>\n<\/ul>\n<\/li>\n<\/ul>\n<p>&nbsp;<\/p>\n<h5><strong>UNI\u00d3N E INSTALACI\u00d3N DE CA\u00d1ER\u00cdAS<\/strong><\/h5>\n<ul>\n<li style=\"list-style-type: none;\">\n<ul>\n<li><strong>Modalidad:<\/strong> E-Learning Sincr\u00f3nico &#8211; Horas 8<\/li>\n<li><strong>Objetivo general:<\/strong> Objetivo general: realizar apoyo en la ejecuci\u00f3n de los trabajos de montaje de ca\u00f1er\u00edas y soportes, cumpliendo con las normas de seguridad, calidad, medioambiente e instrucciones de la jefatura.<\/li>\n<\/ul>\n<\/li>\n<\/ul>\n<p>&nbsp;<\/p>\n<hr \/>\n<p>&nbsp;<\/p>\n<h4><b>M\u00d3DULOS TRANSVERSALES:<\/b><\/h4>\n<h4><\/h4>\n<p>&nbsp;<\/p>\n<h5>SEGURIDAD Y SALUD LABORAL<\/h5>\n<ul>\n<li style=\"list-style-type: none;\">\n<ul>\n<li><strong>Modalidad:<\/strong> E-Learning Sincr\u00f3nico &#8211; Horas 8<\/li>\n<li><strong>Objetivo general:<\/strong> Comprender los modelos utilizados y principales herramientas de la gesti\u00f3n de seguridad y salud laboral, acorde a la normativa vigente en Chile.<\/li>\n<\/ul>\n<\/li>\n<\/ul>\n<p>&nbsp;<\/p>\n<h5>COMPETENCIAS SOCIO LABORALES Y HERRAMIENTAS DIGITALES<\/h5>\n<ul>\n<li style=\"list-style-type: none;\">\n<ul>\n<li><strong>Modalidad:<\/strong> E-Learning Sincr\u00f3nico &#8211; Horas 8<\/li>\n<li><strong>Objetivo general: <\/strong>Desarrollar competencias sociolaborales en personas que deseen ingresar o reinsertarse \u00a0al mercado laboral.<\/li>\n<\/ul>\n<\/li>\n<\/ul>\n<p>&nbsp;<\/p>\n<h5>SEGURIDAD Y SALUD LABORAL<\/h5>\n<ul>\n<li style=\"list-style-type: none;\">\n<ul>\n<li><strong>Modalidad:<\/strong> E-Learning Sincr\u00f3nico &#8211; Horas 8<\/li>\n<li><strong>Objetivo general:<\/strong> Comprender los modelos utilizados y principales herramientas de la gesti\u00f3n de seguridad y salud laboral, acorde a la normativa vigente en Chile.<\/li>\n<\/ul>\n<\/li>\n<\/ul>\n<p>&nbsp;<\/p>\n<h5>COMPETENCIAS SOCIO LABORALES Y HERRAMIENTAS DIGITALES<\/h5>\n<ul>\n<li style=\"list-style-type: none;\">\n<ul>\n<li><strong>Modalidad:<\/strong> E-Learning Sincr\u00f3nico &#8211; Horas 8<\/li>\n<li><strong>Objetivo general: <\/strong>Desarrollar competencias sociolaborales en personas que deseen ingresar o reinsertarse \u00a0al mercado laboral.<\/li>\n<\/ul>\n<\/li>\n<\/ul>\n<p>&nbsp;<\/p>\n<hr \/>\n<h4><\/h4>\n<h4><b>TALLER DE APLICACI\u00d3N M\u00d3DULOS T\u00c9CNICOS<\/b><\/h4>\n<p style=\"padding-left: 40px;\"><strong>Modalidad:<\/strong> E-Learning Sincr\u00f3nico.<\/p>\n<p>[\/vc_column_text][\/vc_tta_section][vc_tta_section title=&#8221;MONTAJE INDUSTRIAL&#8221; tab_id=&#8221;1633377451659-069ee84e-c461&#8243;][vc_column_text]<\/p>\n<h4><b>M\u00d3DULOS T\u00c9CNICOS:<\/b><\/h4>\n<p>&nbsp;<\/p>\n<h5>MANIOBRAS DE IZAJE<\/h5>\n<ul>\n<li style=\"list-style-type: none;\">\n<ul>\n<li><strong>Modalidad: <\/strong>E-Learning Sincr\u00f3nico &#8211; Horas 40<\/li>\n<li><strong>Objetivo general: <\/strong>Comprender las caracter\u00edsticas de las gr\u00faas y las maniobras de izaje, considerando los factores de seguridad y riesgos asociados.<\/li>\n<\/ul>\n<\/li>\n<\/ul>\n<p>&nbsp;<\/p>\n<hr \/>\n<h4><\/h4>\n<h4><b>TALLER DE APLICACI\u00d3N M\u00d3DULO T\u00c9CNICO:<\/b><\/h4>\n<p style=\"padding-left: 40px;\"><strong>Modalidad:<\/strong> E-Learning Sincr\u00f3nico.<\/p>\n<p>[\/vc_column_text][\/vc_tta_section][vc_tta_section title=&#8221;INSTALACIONES DOMICILIARIAS&#8221; tab_id=&#8221;1633377680743-0f0b02a6-3583&#8243;][vc_column_text]<\/p>\n<h4><b>M\u00d3DULOS T\u00c9CNICOS:<\/b><\/h4>\n<p>&nbsp;<\/p>\n<h5><strong>INSTALACIONES DOMICILIARIAS<\/strong><\/h5>\n<ul>\n<li style=\"list-style-type: none;\">\n<ul>\n<li><strong>Modalidad: <\/strong>E-Learning Sincr\u00f3nico &#8211; Horas 40<\/li>\n<li><strong>Objetivo general: <\/strong>Realizar instalaciones el\u00e9ctricas domiciliarias con aplicaci\u00f3n de los fundamentos de electricidad y la Norma chilena El\u00e9ctrica (NCh.E.), salvaguardando as\u00ed a las personas que las operan o hacen uso de ellas.<\/li>\n<\/ul>\n<\/li>\n<\/ul>\n<p>&nbsp;<\/p>\n<hr \/>\n<h3><\/h3>\n<h4><b>TALLER DE APLICACI\u00d3N M\u00d3DULO T\u00c9CNICO:<\/b><\/h4>\n<p style=\"padding-left: 40px;\"><strong>Modalidad:<\/strong> E-Learning Sincr\u00f3nico.<\/p>\n<p>[\/vc_column_text][\/vc_tta_section][vc_tta_section title=&#8221;OBRAS CIVILES&#8221; tab_id=&#8221;1633377584906-86359da6-4021&#8243;][vc_column_text]<\/p>\n<h4><b>M\u00d3DULOS T\u00c9CNICOS:<\/b><\/h4>\n<p>&nbsp;<\/p>\n<h5><strong>INTRODUCCI\u00d3N A LAS OBRAS CIVILES<\/strong><\/h5>\n<ul>\n<li style=\"list-style-type: none;\">\n<ul>\n<li><strong>Modalidad: <\/strong>E-Learning Sincr\u00f3nico &#8211; Horas 8<\/li>\n<li><strong>Objetivo general: <\/strong>Comprender los alcances y objetivos de las obras civiles dentro de un proyecto de construcci\u00f3n.<\/li>\n<\/ul>\n<\/li>\n<\/ul>\n<p>&nbsp;<\/p>\n<h5><strong>INTERPRETACI\u00d3N DE PLANOS<\/strong><\/h5>\n<ul>\n<li style=\"list-style-type: none;\">\n<ul>\n<li><strong>Modalidad:<\/strong> E-Learning Sincr\u00f3nico.<\/li>\n<li><strong>Objetivo general:<\/strong> Leer y utilizar planos de obras preliminares y necesarias para obras.<\/li>\n<\/ul>\n<\/li>\n<\/ul>\n<p>&nbsp;<\/p>\n<hr \/>\n<p>&nbsp;<\/p>\n<p>[\/vc_column_text][vc_column_text]<\/p>\n<h4><b>M\u00d3DULOS TRANSVERSALES:<\/b><\/h4>\n<p>&nbsp;<\/p>\n<h5><strong>SEGURIDAD Y SALUD LABORAL<\/strong><\/h5>\n<ul>\n<li style=\"list-style-type: none;\">\n<ul>\n<li><strong>Modalidad: <\/strong>E-Learning Sincr\u00f3nico &#8211; Horas 8<\/li>\n<li><strong>Objetivo general:<\/strong>\u00a0Comprender los modelos utilizados y principales herramientas de la gesti\u00f3n de seguridad y salud laboral, acorde a la normativa vigente en Chile.<\/li>\n<\/ul>\n<\/li>\n<\/ul>\n<p>&nbsp;<\/p>\n<h5><strong>COMPETENCIAS SOCIO LABORALES Y HERRAMIENTAS DIGITALES<\/strong><\/h5>\n<ul>\n<li style=\"list-style-type: none;\">\n<ul>\n<li><strong>Modalidad:<\/strong> E-Learning Sincr\u00f3nico &#8211; Horas 16<\/li>\n<li><strong>Objetivo general: <\/strong>Desarrollar competencias sociolaborales en personas que deseen ingresar o reinsertarse \u00a0al mercado laboral.<\/li>\n<\/ul>\n<\/li>\n<\/ul>\n<p>&nbsp;<\/p>\n<hr \/>\n<p>&nbsp;<\/p>\n<h4><strong>TALLER DE APLICACI\u00d3N M\u00d3DULOS T\u00c9CNICOS<\/strong><\/h4>\n<p style=\"padding-left: 40px;\"><strong>Modalidad:<\/strong> E-Learning Sincr\u00f3nico.<\/p>\n<p><strong><em>\u00a0<\/em><\/strong>[\/vc_column_text][\/vc_tta_section][vc_tta_section title=&#8221;MECANICA INDUSTRIAL&#8221; tab_id=&#8221;1633437067112-643a4c91-6fae&#8221;][vc_column_text]<\/p>\n<h4><b>M\u00d3DULOS T\u00c9CNICOS:<\/b><\/h4>\n<p>&nbsp;<\/p>\n<h5>AISLACI\u00d3N Y BLOQUEO<\/h5>\n<ul>\n<li style=\"list-style-type: none;\">\n<ul>\n<li><strong>Modalidad: <\/strong>E-Learning Sincr\u00f3nico &#8211; Horas 8<\/li>\n<li><strong>Objetivo general: <\/strong>Comprender la importancia del aislamiento de la maquinaria y equipos de sus fuentes de energ\u00eda mientras est\u00e1n en procesos de mantenimiento o reparaci\u00f3n.<\/li>\n<\/ul>\n<\/li>\n<\/ul>\n<p>&nbsp;<\/p>\n<h5>INTERPRETACI\u00d3N DE PLANOS DE ESTRUCTURAS<\/h5>\n<ul>\n<li style=\"list-style-type: none;\">\n<ul>\n<li><strong>Modalidad:<\/strong> E-Learning Sincr\u00f3nico &#8211; Horas 8<\/li>\n<li><strong>Objetivo general:<\/strong> Leer y utilizar planos de estructuras met\u00e1licas con sus componentes principales como, perles estructurales y uniones jas -soldadura y uniones desmontables- de montaje industrial para el desarrollo de proyectos.<\/li>\n<\/ul>\n<\/li>\n<\/ul>\n<p>&nbsp;<\/p>\n<hr \/>\n<h2><\/h2>\n<h4><b>M\u00d3DULOS TRANSVERSALES:<\/b><\/h4>\n<h4><\/h4>\n<h5>SEGURIDAD Y SALUD LABORAL<\/h5>\n<ul>\n<li style=\"list-style-type: none;\">\n<ul>\n<li><strong>Modalidad:<\/strong> E-Learning Sincr\u00f3nico &#8211; Horas 8<\/li>\n<li><strong>Objetivo general:<\/strong> comprender los modelos utilizados y principales herramientas de la gesti\u00f3n de seguridad y salud laboral, acorde a la normativa vigente en Chile.<\/li>\n<\/ul>\n<\/li>\n<\/ul>\n<h3><\/h3>\n<p>&nbsp;<\/p>\n<h5>COMPETENCIAS SOCIO LABORALES Y HERRAMIENTAS DIGITALES<\/h5>\n<ul>\n<li style=\"list-style-type: none;\">\n<ul>\n<li><strong>Modalidad:<\/strong> E-Learning Sincr\u00f3nico &#8211; Horas 16<\/li>\n<li><strong>Objetivo general:<\/strong> desarrollar competencias sociolaborales en personas que deseen ingresar o reinsertarse \u00a0al mercado laboral.<\/li>\n<\/ul>\n<\/li>\n<\/ul>\n<p>&nbsp;<\/p>\n<hr \/>\n<h4><b>TALLER DE APLICACI\u00d3N M\u00d3DULOS T\u00c9CNICOS:<\/b><\/h4>\n<p style=\"padding-left: 40px;\"><strong>Modalidad:<\/strong> E-Learning Sincr\u00f3nico.<\/p>\n<p>[\/vc_column_text][\/vc_tta_section][\/vc_tta_tour][\/vc_column][\/vc_row]<\/p>\n","protected":false},"excerpt":{"rendered":"<p>[vc_row][vc_column][vc_empty_space][vc_column_text]RECONSTRUYE TU FUTURO Proyecto \u201cReconstruye Tu Futuro\u201d Creado en el a\u00f1o 2020 por SKIC y en alianza estrat\u00e9gica con el OTIC de la C\u00e1mara Chilena de Construcci\u00f3n, el cual tuvo por objetivo otorgar cursos gratuitos para sectores vulnerables, as\u00ed acortar las brechas laborales para la r\u00e1pida y adecuada reinserci\u00f3n en el mercado actual, por medio&hellip;<\/p>\n","protected":false},"author":2,"featured_media":0,"parent":0,"menu_order":0,"comment_status":"closed","ping_status":"closed","template":"template-microsite.php","meta":{"_themeisle_gutenberg_block_has_review":false},"_links":{"self":[{"href":"https:\/\/www.skcapacitacion.cl\/index.php?rest_route=\/wp\/v2\/pages\/3592"}],"collection":[{"href":"https:\/\/www.skcapacitacion.cl\/index.php?rest_route=\/wp\/v2\/pages"}],"about":[{"href":"https:\/\/www.skcapacitacion.cl\/index.php?rest_route=\/wp\/v2\/types\/page"}],"author":[{"embeddable":true,"href":"https:\/\/www.skcapacitacion.cl\/index.php?rest_route=\/wp\/v2\/users\/2"}],"replies":[{"embeddable":true,"href":"https:\/\/www.skcapacitacion.cl\/index.php?rest_route=%2Fwp%2Fv2%2Fcomments&post=3592"}],"version-history":[{"count":34,"href":"https:\/\/www.skcapacitacion.cl\/index.php?rest_route=\/wp\/v2\/pages\/3592\/revisions"}],"predecessor-version":[{"id":4088,"href":"https:\/\/www.skcapacitacion.cl\/index.php?rest_route=\/wp\/v2\/pages\/3592\/revisions\/4088"}],"wp:attachment":[{"href":"https:\/\/www.skcapacitacion.cl\/index.php?rest_route=%2Fwp%2Fv2%2Fmedia&parent=3592"}],"curies":[{"name":"wp","href":"https:\/\/api.w.org\/{rel}","templated":true}]}}