{"id":3612,"date":"2021-10-05T18:29:34","date_gmt":"2021-10-05T18:29:34","guid":{"rendered":"https:\/\/www.skcapacitacion.cl\/?page_id=3612"},"modified":"2023-11-24T14:18:41","modified_gmt":"2023-11-24T17:18:41","slug":"liceos-tecnicos","status":"publish","type":"page","link":"https:\/\/www.skcapacitacion.cl\/?page_id=3612","title":{"rendered":"Liceos T\u00e9cnicos"},"content":{"rendered":"\n<div class=\"wp-block-media-text alignwide has-media-on-the-right is-stacked-on-mobile\" style=\"grid-template-columns:auto 51%\"><figure class=\"wp-block-media-text__media\"><img loading=\"lazy\" width=\"688\" height=\"442\" src=\"https:\/\/www.skcapacitacion.cl\/wp-content\/uploads\/2021\/10\/sala.png\" alt=\"\" class=\"wp-image-3666 size-full\" srcset=\"https:\/\/www.skcapacitacion.cl\/wp-content\/uploads\/2021\/10\/sala.png 688w, https:\/\/www.skcapacitacion.cl\/wp-content\/uploads\/2021\/10\/sala-300x193.png 300w\" sizes=\"(max-width: 688px) 100vw, 688px\" \/><\/figure><div class=\"wp-block-media-text__content\">\n<p><strong>ALIANZA<\/strong><br><br>Fundaci\u00f3n Chile Dual en alianza estrat\u00e9gica y colaborativa con el OTEC SK Capacitaci\u00f3n S.A. buscan entregar herramientas concretas de empleabilidad a alumnos de Liceos T\u00e9cnicos a&nbsp; trav\u00e9s&nbsp; mallas formativas, lo que permite complementar su formaci\u00f3n en la etapa escolar. <\/p>\n\n\n<div class=\"wp-block-image ticss-c4c4af41\">\n<figure class=\"alignright size-full is-resized\"><img loading=\"lazy\" src=\"https:\/\/www.skcapacitacion.cl\/wp-content\/uploads\/2022\/11\/log_ChileDual_v1.jpg\" alt=\"\" class=\"wp-image-3909\" width=\"239\" height=\"171\" srcset=\"https:\/\/www.skcapacitacion.cl\/wp-content\/uploads\/2022\/11\/log_ChileDual_v1.jpg 350w, https:\/\/www.skcapacitacion.cl\/wp-content\/uploads\/2022\/11\/log_ChileDual_v1-300x214.jpg 300w\" sizes=\"(max-width: 239px) 100vw, 239px\" \/><\/figure><\/div>\n\n\n<p><strong>CURSOS<\/strong> <br>\u2022Electricidad. <br>\u2022Montaje industrial <br>\u2022Construcci\u00f3n <br>\u2022Mec\u00e1nica Industrial <br>\u2022Log\u00edstica <br>\u2022Instalaciones sanitarias <br>\u2022Mec\u00e1nica Automotriz <br>\u2022Crea y Emprende <br>\u2022Formaci\u00f3n laboral<\/p>\n<\/div><\/div>\n\n\n\n<div style=\"height:100px\" aria-hidden=\"true\" class=\"wp-block-spacer\"><\/div>\n\n\n\n<p><strong>Cada vez son m\u00e1s empresas que se suman a este proyecto:<\/strong><\/p>\n\n\n\n<div class=\"wp-container-4 wp-block-columns\">\n<div class=\"wp-container-3 wp-block-column\" style=\"flex-basis:100%\">\n<figure class=\"wp-container-2 wp-block-gallery-1 wp-block-gallery has-nested-images columns-5\">\n<figure class=\"wp-block-image size-large\"><img loading=\"lazy\" width=\"1024\" height=\"615\" src=\"https:\/\/www.skcapacitacion.cl\/wp-content\/uploads\/2021\/10\/SK-vertical-1-1024x615.jpg\" alt=\"\" class=\"wp-image-3685\" srcset=\"https:\/\/www.skcapacitacion.cl\/wp-content\/uploads\/2021\/10\/SK-vertical-1-1024x615.jpg 1024w, https:\/\/www.skcapacitacion.cl\/wp-content\/uploads\/2021\/10\/SK-vertical-1-300x180.jpg 300w, https:\/\/www.skcapacitacion.cl\/wp-content\/uploads\/2021\/10\/SK-vertical-1-768x461.jpg 768w, https:\/\/www.skcapacitacion.cl\/wp-content\/uploads\/2021\/10\/SK-vertical-1.jpg 1181w\" sizes=\"(max-width: 1024px) 100vw, 1024px\" \/><\/figure>\n\n\n\n<figure class=\"wp-block-image size-full\"><img loading=\"lazy\" width=\"442\" height=\"200\" src=\"https:\/\/www.skcapacitacion.cl\/wp-content\/uploads\/2023\/11\/SKC.jpg\" alt=\"\" class=\"wp-image-4006\" srcset=\"https:\/\/www.skcapacitacion.cl\/wp-content\/uploads\/2023\/11\/SKC.jpg 442w, https:\/\/www.skcapacitacion.cl\/wp-content\/uploads\/2023\/11\/SKC-300x136.jpg 300w\" sizes=\"(max-width: 442px) 100vw, 442px\" \/><\/figure>\n<\/figure>\n<\/div>\n<\/div>\n\n\n\n<div class=\"wp-container-8 wp-block-columns\">\n<div class=\"wp-container-7 wp-block-column\" style=\"flex-basis:100%\">\n<figure class=\"wp-container-6 wp-block-gallery-5 wp-block-gallery has-nested-images columns-5\">\n<figure class=\"wp-block-image size-full\"><img loading=\"lazy\" width=\"322\" height=\"129\" src=\"https:\/\/www.skcapacitacion.cl\/wp-content\/uploads\/2022\/09\/Logo-chile_Purple-e1664545879815.png\" alt=\"\" class=\"wp-image-3851\" srcset=\"https:\/\/www.skcapacitacion.cl\/wp-content\/uploads\/2022\/09\/Logo-chile_Purple-e1664545879815.png 322w, https:\/\/www.skcapacitacion.cl\/wp-content\/uploads\/2022\/09\/Logo-chile_Purple-e1664545879815-300x120.png 300w\" sizes=\"(max-width: 322px) 100vw, 322px\" \/><\/figure>\n\n\n\n<figure class=\"wp-block-image size-full\"><img loading=\"lazy\" width=\"944\" height=\"307\" src=\"https:\/\/www.skcapacitacion.cl\/wp-content\/uploads\/2023\/11\/Logo-Enaex-1.png\" alt=\"\" class=\"wp-image-4005\" srcset=\"https:\/\/www.skcapacitacion.cl\/wp-content\/uploads\/2023\/11\/Logo-Enaex-1.png 944w, https:\/\/www.skcapacitacion.cl\/wp-content\/uploads\/2023\/11\/Logo-Enaex-1-300x98.png 300w, https:\/\/www.skcapacitacion.cl\/wp-content\/uploads\/2023\/11\/Logo-Enaex-1-768x250.png 768w\" sizes=\"(max-width: 944px) 100vw, 944px\" \/><\/figure>\n\n\n\n<figure class=\"wp-block-image size-medium\"><img loading=\"lazy\" width=\"300\" height=\"71\" src=\"https:\/\/www.skcapacitacion.cl\/wp-content\/uploads\/2021\/10\/Imagen8-300x71.jpg\" alt=\"\" class=\"wp-image-3639\" srcset=\"https:\/\/www.skcapacitacion.cl\/wp-content\/uploads\/2021\/10\/Imagen8-300x71.jpg 300w, https:\/\/www.skcapacitacion.cl\/wp-content\/uploads\/2021\/10\/Imagen8.jpg 370w\" sizes=\"(max-width: 300px) 100vw, 300px\" \/><\/figure>\n<\/figure>\n<\/div>\n<\/div>\n\n\n\n<div class=\"wp-container-9 wp-block-group\"><div class=\"wp-block-group__inner-container\">\n<p><\/p>\n<\/div><\/div>\n\n\n\n<div class=\"wp-container-11 wp-block-columns\">\n<div class=\"wp-container-10 wp-block-column\" style=\"flex-basis:100%\"><\/div>\n<\/div>\n\n\n\n<p><\/p>\n","protected":false},"excerpt":{"rendered":"<p>Cada vez son m\u00e1s empresas que se suman a este proyecto:<\/p>\n","protected":false},"author":2,"featured_media":0,"parent":37,"menu_order":0,"comment_status":"closed","ping_status":"closed","template":"","meta":{"_themeisle_gutenberg_block_has_review":false},"_links":{"self":[{"href":"https:\/\/www.skcapacitacion.cl\/index.php?rest_route=\/wp\/v2\/pages\/3612"}],"collection":[{"href":"https:\/\/www.skcapacitacion.cl\/index.php?rest_route=\/wp\/v2\/pages"}],"about":[{"href":"https:\/\/www.skcapacitacion.cl\/index.php?rest_route=\/wp\/v2\/types\/page"}],"author":[{"embeddable":true,"href":"https:\/\/www.skcapacitacion.cl\/index.php?rest_route=\/wp\/v2\/users\/2"}],"replies":[{"embeddable":true,"href":"https:\/\/www.skcapacitacion.cl\/index.php?rest_route=%2Fwp%2Fv2%2Fcomments&post=3612"}],"version-history":[{"count":36,"href":"https:\/\/www.skcapacitacion.cl\/index.php?rest_route=\/wp\/v2\/pages\/3612\/revisions"}],"predecessor-version":[{"id":4009,"href":"https:\/\/www.skcapacitacion.cl\/index.php?rest_route=\/wp\/v2\/pages\/3612\/revisions\/4009"}],"up":[{"embeddable":true,"href":"https:\/\/www.skcapacitacion.cl\/index.php?rest_route=\/wp\/v2\/pages\/37"}],"wp:attachment":[{"href":"https:\/\/www.skcapacitacion.cl\/index.php?rest_route=%2Fwp%2Fv2%2Fmedia&parent=3612"}],"curies":[{"name":"wp","href":"https:\/\/api.w.org\/{rel}","templated":true}]}}