{"id":4028,"date":"2024-02-13T11:56:24","date_gmt":"2024-02-13T14:56:24","guid":{"rendered":"https:\/\/www.skcapacitacion.cl\/?page_id=4028"},"modified":"2024-12-06T12:37:50","modified_gmt":"2024-12-06T15:37:50","slug":"linea-gwo","status":"publish","type":"page","link":"https:\/\/www.skcapacitacion.cl\/?page_id=4028","title":{"rendered":"L\u00ednea GWO"},"content":{"rendered":"<p>[vc_row][vc_column][vc_column_text]<\/p>\n<h2><strong>GWO (Global Wind Organization)<\/strong><\/h2>\n<p>&nbsp;<\/p>\n<p>Alianza internacional de compa\u00f1\u00edas del sector de la energ\u00eda e\u00f3lica.<\/p>\n<p>Desarrollan est\u00e1ndares y califican a los trabajadores\/profesionales del sector en materia de seguridad.<\/p>\n<p>En cuanto a marco formativo, la WindEurope\u00a0(Asociaci\u00f3n Europea de Energ\u00eda E\u00f3lica) lo ha reconocido como el nivel m\u00ednimo exigible a toda persona que ejecute trabajo en el \u00e1mbito de la energ\u00eda e\u00f3lica.<\/p>\n<p>La formaci\u00f3n base para obtener certificaci\u00f3n GWO, est\u00e1 formada por cuatro m\u00f3dulos formativos que reciben el nombre de\u00a0BST (Basic Safety Training Standard).<\/p>\n<p>Validez de 24 meses.<\/p>\n<p>Somos OTEC Certificado como organismo acreditado para la ejecuci\u00f3n de cursos obligatorios para quienes trabajen en Parques E\u00f3licos, basado en los requisitos de GWO &#8220;Requirement for Training&#8221; Curso: Basic Safety Training Standard (BST).<\/p>\n<p>&nbsp;<\/p>\n<hr \/>\n<p>[\/vc_column_text][\/vc_column][\/vc_row][vc_row][vc_column][vc_column_text]<\/p>\n<h4><strong>ENTRENAMIENTO B\u00c1SICO DE SEGURIDAD EST\u00c1NDAR (BST)<\/strong><\/h4>\n<p>Modalidad\u00a0 \u00a0 \u00a0 \u00a0 \u00a0 \u00a0 \u00a0: Presencial<\/p>\n<p>C\u00f3digo SENCE\u00a0 \u00a0 \u00a0 \u00a0: 1238062043<\/p>\n<p>Duraci\u00f3n\u00a0 \u00a0 \u00a0 \u00a0 \u00a0 \u00a0 \u00a0 \u00a0 : 28 horas cronol\u00f3gicas.<\/p>\n<p>Horas te\u00f3ricas\u00a0 \u00a0 \u00a0 : 9:45<\/p>\n<p>Horas pr\u00e1cticas\u00a0 \u00a0 : 18:10<\/p>\n<p>&nbsp;<\/p>\n<p><strong>M\u00f3dulos:<\/strong><\/p>\n<table>\n<tbody>\n<tr>\n<td colspan=\"5\" width=\"566\"><strong>Detalle de Horas por Curso:<\/strong><\/td>\n<\/tr>\n<tr>\n<td width=\"22\"><strong>\u00a0<\/strong><\/td>\n<td width=\"209\"><strong>Nombre<\/strong><\/td>\n<td style=\"text-align: center;\" width=\"113\"><strong>Total de horas<\/strong><\/td>\n<td style=\"text-align: center;\" width=\"110\"><strong>Horas Pr\u00e1cticas<\/strong><\/td>\n<td style=\"text-align: center;\" width=\"112\"><strong>Horas Te\u00f3ricas<\/strong><\/td>\n<\/tr>\n<tr>\n<td width=\"22\"><strong>1<\/strong><\/td>\n<td width=\"209\">M\u00f3dulo 1: Primeros auxilios<\/td>\n<td style=\"text-align: center;\" width=\"113\">7:00<\/td>\n<td style=\"text-align: center;\" width=\"110\">4<\/td>\n<td style=\"text-align: center;\" width=\"112\">3<\/td>\n<\/tr>\n<tr>\n<td width=\"22\"><strong>2<\/strong><\/td>\n<td width=\"209\">M\u00f3dulo 2: Manipulaci\u00f3n manual<\/td>\n<td style=\"text-align: center;\" width=\"113\">3:35<\/td>\n<td style=\"text-align: center;\" width=\"110\">2<\/td>\n<td style=\"text-align: center;\" width=\"112\">2<\/td>\n<\/tr>\n<tr>\n<td width=\"22\"><strong>3<\/strong><\/td>\n<td width=\"209\">M\u00f3dulo 3: Concientizaci\u00f3n sobre Incendios<\/td>\n<td style=\"text-align: center;\" width=\"113\">3:20<\/td>\n<td style=\"text-align: center;\" width=\"110\">2:10<\/td>\n<td style=\"text-align: center;\" width=\"112\">1:20<\/td>\n<\/tr>\n<tr>\n<td width=\"22\"><strong>4<\/strong><\/td>\n<td width=\"209\">M\u00f3dulo 4: Trabajo en altura<\/td>\n<td style=\"text-align: center;\" width=\"113\">13:25<\/td>\n<td style=\"text-align: center;\" width=\"110\">10:00<\/td>\n<td style=\"text-align: center;\" width=\"112\"><em>3:25<\/em><\/td>\n<\/tr>\n<\/tbody>\n<\/table>\n<p>&nbsp;<\/p>\n<hr \/>\n<p>&nbsp;<\/p>\n<p><strong>Perfil del participante: <\/strong><\/p>\n<ul>\n<li style=\"text-align: justify;\">Personal que trabajar\u00e1 en la industria e\u00f3lica o campos relacionados y tendr\u00e1 sus funciones en un entorno de turbina e\u00f3lica, generalmente en contacto f\u00edsico con una turbina e\u00f3lica o una estructura de aerogenerador.<\/li>\n<li style=\"text-align: justify;\">Personal que realiza funciones laborales cuyos riesgos han sido evaluados por su empleador o su responsable en el lugar de trabajo como funci\u00f3n, donde la capacitaci\u00f3n de acuerdo con uno o m\u00e1s m\u00f3dulos de la norma BST puede mitigar los riesgos identificados.<\/li>\n<li style=\"text-align: justify;\">Todo el personal que participe debe cumplir con los requisitos previos del participante descritos en los Requisitos de capacitaci\u00f3n de GWO.<\/li>\n<\/ul>\n<p>&nbsp;<\/p>\n<p><span data-olk-copy-source=\"MessageBody\">Cursos BST se realizan en Instalaciones dispuestas por SK Capacitaci\u00f3n S.A. en Avda. Los Libertadores #6421, Bodega E, Huechuraba.<\/span>[\/vc_column_text][vc_empty_space][\/vc_column][\/vc_row][vc_row][vc_column][vc_tta_tour color=&#8221;orange&#8221; active_section=&#8221;1&#8243;][vc_tta_section title=&#8221;Trabajo en Altura&#8221; tab_id=&#8221;1707140860215-d50b2ef7-8b2b&#8221;][vc_column_text]<strong>Duraci\u00f3n:\u00a0<\/strong>13 horas 25 minutos<\/p>\n<p><strong>Objetivos Generales:\u00a0<\/strong>Utilizar equipos b\u00e1sicos de protecci\u00f3n individual, trabajar la seguridad en altura y realizar un rescate b\u00e1sico integral en altura en un entorno remoto de aerogeneradores.<\/p>\n<p><strong>Modalidad: <\/strong>Presencial[\/vc_column_text][\/vc_tta_section][vc_tta_section title=&#8221;Primeros Auxilios&#8221; tab_id=&#8221;1707140860235-14d054bb-d901&#8243;][vc_column_text]<strong>Duraci\u00f3n: <\/strong>7\u00a0horas<\/p>\n<p><strong>Objetivos Generales: <\/strong>Permitir a los participantes, a trav\u00e9s de la formaci\u00f3n te\u00f3rica y pr\u00e1ctica, reconocer los signos y s\u00edntomas de situaciones que ponen en peligro la vida y administrar primeros auxilios seguros y eficaces en el entorno de la industria de las turbinas e\u00f3licas\/aerogeneradores con el fin de salvar vidas y evitar m\u00e1s lesiones, hasta que la v\u00edctima pueda ser entregada al siguiente nivel de atenci\u00f3n.<\/p>\n<p><strong>Modalidad: <\/strong>Presencial[\/vc_column_text][\/vc_tta_section][vc_tta_section title=&#8221;Manipulaci\u00f3n Manual&#8221; tab_id=&#8221;1707834505963-4ddbf7d8-9852&#8243;][vc_column_text]<strong>Duraci\u00f3n: <\/strong>3 horas 35 minutos<\/p>\n<p><strong>Objetivos Generales: <\/strong>Reducir el riesgo de lesiones musculoesquel\u00e9ticas de los t\u00e9cnicos e\u00f3licos de la industria e\u00f3lica y permitir a los participantes realizar sus tareas y actividades de la manera m\u00e1s segura posible cuando trabajan en un entorno de aerogeneradores.<\/p>\n<p><strong>Modalidad: <\/strong>Presencial[\/vc_column_text][\/vc_tta_section][vc_tta_section title=&#8221;Concientizaci\u00f3n sobre incendios&#8221; tab_id=&#8221;1707834609648-c1e4e5de-dc49&#8243;][vc_column_text]<strong>Duraci\u00f3n: <\/strong>3 horas 20 minutos<\/p>\n<p><strong>Objetivos Generales: <\/strong>Prevenir incendios, hacer juicios apropiados al evaluar un incendio, gestionar la evacuaci\u00f3n del personal y garantizar que todos est\u00e9n contabilizados de manera segura en caso de un incendio incontrolable. Si se considera que el incidente es seguro, los participantes deben ser capaces de extinguir eficazmente un incendio inicial mediante el uso de equipos port\u00e1tiles b\u00e1sicos de extinci\u00f3n de incendios.<\/p>\n<p><strong>Modalidad: <\/strong>Presencial[\/vc_column_text][\/vc_tta_section][\/vc_tta_tour][\/vc_column][\/vc_row][vc_row][vc_column][vc_raw_js]JTNDaWZyYW1lJTIwd2lkdGglM0QlMjIxMjE1JTIyJTIwaGVpZ2h0JTNEJTIyNTgyJTIyJTIwc2VhbWxlc3MlMjBmcmFtZWJvcmRlciUzRCUyMjAlMjIlMjBzY3JvbGxpbmclM0QlMjJubyUyMiUyMHNyYyUzRCUyMmh0dHBzJTNBJTJGJTJGZG9jcy5nb29nbGUuY29tJTJGc3ByZWFkc2hlZXRzJTJGZCUyRmUlMkYyUEFDWC0xdlFaMmtMdldqcGRvOEkwTEZOUGxzZGlRWHJyUmRHNU00d3B1Tk1PZXVMX2FjUU94YmFOR29kOXgxTk1FU21Lb0JERGU5OEJXdDFvbHNkQSUyRnB1YmNoYXJ0JTNGb2lkJTNEMjA2NTIxNzQ0MyUyNmFtcCUzQmZvcm1hdCUzRGludGVyYWN0aXZlJTIyJTNFJTNDJTJGaWZyYW1lJTNF[\/vc_raw_js][\/vc_column][\/vc_row]<\/p>\n","protected":false},"excerpt":{"rendered":"<p>[vc_row][vc_column][vc_column_text] GWO (Global Wind Organization) &nbsp; Alianza internacional de compa\u00f1\u00edas del sector de la energ\u00eda e\u00f3lica. Desarrollan est\u00e1ndares y califican a los trabajadores\/profesionales del sector en materia de seguridad. En cuanto a marco formativo, la WindEurope\u00a0(Asociaci\u00f3n Europea de Energ\u00eda E\u00f3lica) lo ha reconocido como el nivel m\u00ednimo exigible a toda persona que ejecute trabajo en&hellip;<\/p>\n","protected":false},"author":9,"featured_media":0,"parent":0,"menu_order":0,"comment_status":"closed","ping_status":"closed","template":"","meta":{"_themeisle_gutenberg_block_has_review":false},"_links":{"self":[{"href":"https:\/\/www.skcapacitacion.cl\/index.php?rest_route=\/wp\/v2\/pages\/4028"}],"collection":[{"href":"https:\/\/www.skcapacitacion.cl\/index.php?rest_route=\/wp\/v2\/pages"}],"about":[{"href":"https:\/\/www.skcapacitacion.cl\/index.php?rest_route=\/wp\/v2\/types\/page"}],"author":[{"embeddable":true,"href":"https:\/\/www.skcapacitacion.cl\/index.php?rest_route=\/wp\/v2\/users\/9"}],"replies":[{"embeddable":true,"href":"https:\/\/www.skcapacitacion.cl\/index.php?rest_route=%2Fwp%2Fv2%2Fcomments&post=4028"}],"version-history":[{"count":24,"href":"https:\/\/www.skcapacitacion.cl\/index.php?rest_route=\/wp\/v2\/pages\/4028\/revisions"}],"predecessor-version":[{"id":4089,"href":"https:\/\/www.skcapacitacion.cl\/index.php?rest_route=\/wp\/v2\/pages\/4028\/revisions\/4089"}],"wp:attachment":[{"href":"https:\/\/www.skcapacitacion.cl\/index.php?rest_route=%2Fwp%2Fv2%2Fmedia&parent=4028"}],"curies":[{"name":"wp","href":"https:\/\/api.w.org\/{rel}","templated":true}]}}