{"id":848,"date":"2019-05-23T17:15:57","date_gmt":"2019-05-23T20:15:57","guid":{"rendered":"https:\/\/www.skcapacitacion.cl\/?page_id=848"},"modified":"2021-03-22T14:19:15","modified_gmt":"2021-03-22T14:19:15","slug":"super-plan-ingenieros","status":"publish","type":"page","link":"https:\/\/www.skcapacitacion.cl\/?page_id=848","title":{"rendered":"Super Plan Ingenieros"},"content":{"rendered":"<p>[vc_row css=&#8221;.vc_custom_1592863332502{margin-bottom: 30px !important;}&#8221;][vc_column][vc_tta_tour color=&#8221;blue&#8221; active_section=&#8221;1&#8243; css_animation=&#8221;none&#8221;][vc_tta_section title=&#8221;Introducci\u00f3n&#8221; tab_id=&#8221;1542321605396-00a2db10-27c1&#8243;][vc_column_text]<\/p>\n<p style=\"text-align: justify;\"><strong>Duraci\u00f3n:<\/strong> 8 Horas<\/p>\n<p>[\/vc_column_text][vc_column_text]<\/p>\n<p style=\"text-align: justify;\"><strong>Modalidad: <\/strong>Presencial<\/p>\n<p>[\/vc_column_text][vc_column_text]<\/p>\n<p style=\"text-align: justify;\"><strong>Contenidos: <\/strong>1- Planificaci\u00f3n. 2- Costos. 3- Venta.<\/p>\n<p>[\/vc_column_text][\/vc_tta_section][vc_tta_section title=&#8221;Proyecto Obra&#8221; tab_id=&#8221;1558644204476-02ddce1b-8d8a&#8221;][vc_column_text]<\/p>\n<p style=\"text-align: justify;\"><strong>Duraci\u00f3n:<\/strong> 4 Horas<\/p>\n<p>[\/vc_column_text][vc_column_text]<\/p>\n<p style=\"text-align: justify;\"><strong>Modalidad: <\/strong>Presencial<\/p>\n<p>[\/vc_column_text][vc_column_text]<\/p>\n<p style=\"text-align: justify;\"><strong>Contenidos: <\/strong>1- Tipos b\u00e1sicos de contrato. 2- Nuevos tipos de contrato. 3- Documentaci\u00f3n contractual.<\/p>\n<p>[\/vc_column_text][\/vc_tta_section][vc_tta_section title=&#8221;Control de Costos&#8221; tab_id=&#8221;1558644203626-aa636ea1-81a9&#8243;][vc_column_text]<\/p>\n<p style=\"text-align: justify;\"><strong>Duraci\u00f3n:<\/strong> 16 Horas<\/p>\n<p>[\/vc_column_text][vc_column_text]<\/p>\n<p style=\"text-align: justify;\"><strong>Modalidad: <\/strong>Presencial<\/p>\n<p>[\/vc_column_text][vc_column_text]<\/p>\n<p style=\"text-align: justify;\"><strong>Contenidos: <\/strong>1- Gesti\u00f3n de costos. 2- Gesti\u00f3n de venta. 3- Cubicaciones. 4- Presupuesto oficial (PO), EOT. 5- Presupuesto oficial modificado (POM). 6- Elementos PEP. 7- Informes de costos SAP. 8- Estado de situaci\u00f3n EDS. 9-Estado de contrato EDC.<\/p>\n<p>[\/vc_column_text][\/vc_tta_section][vc_tta_section title=&#8221;Planificaci\u00f3n de obras&#8221; tab_id=&#8221;1558644315319-d1e48356-1314&#8243;][vc_column_text]<\/p>\n<p style=\"text-align: justify;\"><strong>Duraci\u00f3n:<\/strong> 8 Horas<\/p>\n<p>[\/vc_column_text][vc_column_text]<\/p>\n<p style=\"text-align: justify;\"><strong>Modalidad: <\/strong>Presencial<\/p>\n<p>[\/vc_column_text][vc_column_text]<\/p>\n<p style=\"text-align: justify;\"><strong>Contenidos: <\/strong>1- Rol del Ingeniero de Planificaci\u00f3n y Programaci\u00f3n. 2- Definiciones de Planificaci\u00f3n y Programaci\u00f3n. 3- CPM. 4- Carta Gantt. 5- Importancia del programa maestro. 6- Programa de detalle. 7- Programacion r\u00edtmica. 8- Entregables del programa. 9- Control de avance. 10- Weekly\/PF.<\/p>\n<p>[\/vc_column_text][\/vc_tta_section][vc_tta_section title=&#8221;Aspectos administrativos de una obra&#8221; tab_id=&#8221;1558644396479-e49ebf29-60db&#8221;][vc_column_text]<\/p>\n<p style=\"text-align: justify;\"><strong>Duraci\u00f3n:<\/strong>\u00a04 Horas<\/p>\n<p>[\/vc_column_text][vc_column_text]<\/p>\n<p style=\"text-align: justify;\"><strong>Modalidad: <\/strong>Presencial<\/p>\n<p>[\/vc_column_text][vc_column_text]<\/p>\n<p style=\"text-align: justify;\"><strong>Contenidos: <\/strong>1- Procedimientos de inicio de obra. 2- Permisos. 3- Seguros. 4- Garant\u00edas. 5- Gesti\u00f3n de bodega nacional. 6- Gesti\u00f3n de bodega de importaciones. 7- Procedimientos de cierre de obra.<\/p>\n<p>[\/vc_column_text][\/vc_tta_section][vc_tta_section title=&#8221;Normativa y manejos de subcontratos&#8221; tab_id=&#8221;1558644477411-398cce9c-a86d&#8221;][vc_column_text]<\/p>\n<p style=\"text-align: justify;\"><strong>Duraci\u00f3n:<\/strong> 4 Horas<\/p>\n<p>[\/vc_column_text][vc_column_text]<\/p>\n<p style=\"text-align: justify;\"><strong>Modalidad: <\/strong>Presencial<\/p>\n<p>[\/vc_column_text][vc_column_text]<\/p>\n<p style=\"text-align: justify;\"><strong>Contenidos: <\/strong>1- Decisi\u00f3n de subcontratar. 2- Llamado a propuesta. 3- Responsabilidad subsidiaria. 4- Responsabilidad solidaria. 5- Gesti\u00f3n contractual. 6- Contingencias laborales de los subcontratos (Manual de relaciones laborales subcontratistas). 7- Procedimiento gesti\u00f3n de subcontratos.<\/p>\n<p>[\/vc_column_text][\/vc_tta_section][vc_tta_section title=&#8221;Presentaciones al cliente \/ Cambios \/ Reclamos&#8221; tab_id=&#8221;1558644476033-18d086fa-4dda&#8221;][vc_column_text]<\/p>\n<p style=\"text-align: justify;\"><strong>Duraci\u00f3n:<\/strong> 4 Horas<\/p>\n<p>[\/vc_column_text][vc_column_text]<\/p>\n<p style=\"text-align: justify;\"><strong>Modalidad: <\/strong>Presencial<\/p>\n<p>[\/vc_column_text][vc_column_text]<\/p>\n<p style=\"text-align: justify;\"><strong>Contenidos: <\/strong>1- Gesti\u00f3n de reclamo en proyectos de construcci\u00f3n (Identificaci\u00f3n, Valorizaci\u00f3n, Prevenci\u00f3n, Resoluci\u00f3n).<\/p>\n<p>[\/vc_column_text][\/vc_tta_section][\/vc_tta_tour][\/vc_column][\/vc_row]<\/p>\n","protected":false},"excerpt":{"rendered":"<p>[vc_row css=&#8221;.vc_custom_1592863332502{margin-bottom: 30px !important;}&#8221;][vc_column][vc_tta_tour color=&#8221;blue&#8221; active_section=&#8221;1&#8243; css_animation=&#8221;none&#8221;][vc_tta_section title=&#8221;Introducci\u00f3n&#8221; tab_id=&#8221;1542321605396-00a2db10-27c1&#8243;][vc_column_text] Duraci\u00f3n: 8 Horas [\/vc_column_text][vc_column_text] Modalidad: Presencial [\/vc_column_text][vc_column_text] Contenidos: 1- Planificaci\u00f3n. 2- Costos. 3- Venta. [\/vc_column_text][\/vc_tta_section][vc_tta_section title=&#8221;Proyecto Obra&#8221; tab_id=&#8221;1558644204476-02ddce1b-8d8a&#8221;][vc_column_text] Duraci\u00f3n: 4 Horas [\/vc_column_text][vc_column_text] Modalidad: Presencial [\/vc_column_text][vc_column_text] Contenidos: 1- Tipos b\u00e1sicos de contrato. 2- Nuevos tipos de contrato. 3- Documentaci\u00f3n contractual. [\/vc_column_text][\/vc_tta_section][vc_tta_section title=&#8221;Control de Costos&#8221; tab_id=&#8221;1558644203626-aa636ea1-81a9&#8243;][vc_column_text] Duraci\u00f3n: 16&hellip;<\/p>\n","protected":false},"author":2,"featured_media":0,"parent":0,"menu_order":0,"comment_status":"closed","ping_status":"closed","template":"template-microsite.php","meta":{"_themeisle_gutenberg_block_has_review":false},"_links":{"self":[{"href":"https:\/\/www.skcapacitacion.cl\/index.php?rest_route=\/wp\/v2\/pages\/848"}],"collection":[{"href":"https:\/\/www.skcapacitacion.cl\/index.php?rest_route=\/wp\/v2\/pages"}],"about":[{"href":"https:\/\/www.skcapacitacion.cl\/index.php?rest_route=\/wp\/v2\/types\/page"}],"author":[{"embeddable":true,"href":"https:\/\/www.skcapacitacion.cl\/index.php?rest_route=\/wp\/v2\/users\/2"}],"replies":[{"embeddable":true,"href":"https:\/\/www.skcapacitacion.cl\/index.php?rest_route=%2Fwp%2Fv2%2Fcomments&post=848"}],"version-history":[{"count":4,"href":"https:\/\/www.skcapacitacion.cl\/index.php?rest_route=\/wp\/v2\/pages\/848\/revisions"}],"predecessor-version":[{"id":3443,"href":"https:\/\/www.skcapacitacion.cl\/index.php?rest_route=\/wp\/v2\/pages\/848\/revisions\/3443"}],"wp:attachment":[{"href":"https:\/\/www.skcapacitacion.cl\/index.php?rest_route=%2Fwp%2Fv2%2Fmedia&parent=848"}],"curies":[{"name":"wp","href":"https:\/\/api.w.org\/{rel}","templated":true}]}}